{"id":214,"date":"2018-04-14T17:46:42","date_gmt":"2018-04-14T15:46:42","guid":{"rendered":"https:\/\/www.villamillina.be\/?page_id=214"},"modified":"2024-06-02T08:53:03","modified_gmt":"2024-06-02T06:53:03","slug":"informatie","status":"publish","type":"page","link":"https:\/\/www.villamillina.be\/de\/informatie\/","title":{"rendered":"Informationen"},"content":{"rendered":"<div data-elementor-type=\"wp-post\" data-elementor-id=\"214\" class=\"elementor elementor-214\" data-elementor-settings=\"[]\">\n\t\t\t\t\t\t<div class=\"elementor-inner\">\n\t\t\t\t\t\t\t<div class=\"elementor-section-wrap\">\n\t\t\t\t\t\t\t<section class=\"elementor-section elementor-top-section elementor-element elementor-element-954ad41 elementor-section-boxed elementor-section-height-default elementor-section-height-default\" data-id=\"954ad41\" data-element_type=\"section\">\n\t\t\t\t\t\t<div class=\"elementor-container elementor-column-gap-default\">\n\t\t\t\t\t\t\t<div class=\"elementor-row\">\n\t\t\t\t\t<div class=\"elementor-column elementor-col-100 elementor-top-column elementor-element elementor-element-dc1cb90\" data-id=\"dc1cb90\" data-element_type=\"column\">\n\t\t\t<div class=\"elementor-column-wrap elementor-element-populated\">\n\t\t\t\t\t\t\t<div class=\"elementor-widget-wrap\">\n\t\t\t\t\t\t<div class=\"elementor-element elementor-element-d293545 wbm-c-darkgreen elementor-widget elementor-widget-heading\" data-id=\"d293545\" data-element_type=\"widget\" data-widget_type=\"heading.default\">\n\t\t\t\t<div class=\"elementor-widget-container\">\n\t\t\t<h1 class=\"elementor-heading-title elementor-size-default\">INFORMATIONEN<\/h1>\t\t<\/div>\n\t\t\t\t<\/div>\n\t\t\t\t<div class=\"elementor-element elementor-element-0b54b92 wbm-ondertekst elementor-widget elementor-widget-text-editor\" data-id=\"0b54b92\" data-element_type=\"widget\" data-widget_type=\"text-editor.default\">\n\t\t\t\t<div class=\"elementor-widget-container\">\n\t\t\t\t\t<div class=\"elementor-text-editor elementor-clearfix\"><p style=\"text-align: center;\">Es ist auch m\u00f6glich, f\u00fcr andere Zeitr\u00e4ume als ein Wochenende, eine Kurzwoche oder eine Woche zu buchen.<\/p><\/div>\n\t\t\t\t<\/div>\n\t\t\t\t<\/div>\n\t\t\t\t<div class=\"elementor-element elementor-element-4721ad2 elementor-widget elementor-widget-image\" data-id=\"4721ad2\" data-element_type=\"widget\" data-widget_type=\"image.default\">\n\t\t\t\t<div class=\"elementor-widget-container\">\n\t\t\t\t\t<div class=\"elementor-image\">\n\t\t\t\t\t\t\t\t\t\t<img width=\"258\" height=\"89\" src=\"https:\/\/www.villamillina.be\/wp-content\/uploads\/2018\/04\/kringel-groen.png\" class=\"attachment-large size-large\" alt=\"\" loading=\"lazy\" \/>\t\t\t\t\t\t\t\t\t\t\t<\/div>\n\t\t\t\t<\/div>\n\t\t\t\t<\/div>\n\t\t\t\t\t\t<\/div>\n\t\t\t\t\t<\/div>\n\t\t<\/div>\n\t\t\t\t\t\t\t\t<\/div>\n\t\t\t\t\t<\/div>\n\t\t<\/section>\n\t\t\t\t<section class=\"elementor-section elementor-top-section elementor-element elementor-element-a51b8b5 wbm-bc-lightgreen elementor-section-boxed elementor-section-height-default elementor-section-height-default\" data-id=\"a51b8b5\" data-element_type=\"section\">\n\t\t\t\t\t\t<div class=\"elementor-container elementor-column-gap-default\">\n\t\t\t\t\t\t\t<div class=\"elementor-row\">\n\t\t\t\t\t<div class=\"elementor-column elementor-col-50 elementor-top-column elementor-element elementor-element-3728a9a\" data-id=\"3728a9a\" data-element_type=\"column\">\n\t\t\t<div class=\"elementor-column-wrap elementor-element-populated\">\n\t\t\t\t\t\t\t<div class=\"elementor-widget-wrap\">\n\t\t\t\t\t\t<section class=\"elementor-section elementor-inner-section elementor-element elementor-element-3e5850a elementor-section-boxed elementor-section-height-default elementor-section-height-default\" data-id=\"3e5850a\" data-element_type=\"section\">\n\t\t\t\t\t\t<div class=\"elementor-container elementor-column-gap-default\">\n\t\t\t\t\t\t\t<div class=\"elementor-row\">\n\t\t\t\t\t<div class=\"elementor-column elementor-col-50 elementor-inner-column elementor-element elementor-element-e15a31a\" data-id=\"e15a31a\" data-element_type=\"column\">\n\t\t\t<div class=\"elementor-column-wrap elementor-element-populated\">\n\t\t\t\t\t\t\t<div class=\"elementor-widget-wrap\">\n\t\t\t\t\t\t<div class=\"elementor-element elementor-element-58457e8 elementor-widget elementor-widget-text-editor\" data-id=\"58457e8\" data-element_type=\"widget\" data-widget_type=\"text-editor.default\">\n\t\t\t\t<div class=\"elementor-widget-container\">\n\t\t\t\t\t<div class=\"elementor-text-editor elementor-clearfix\"><div class=\"wbm-prijstegel wbm-bc-darkgreen wbm-c-invert wbm-boc-darkgreen\"><p class=\"weekperiode\">Nebensaison<\/p><p class=\"jaarperiode\">bis zu 6 Personen<\/p><p class=\"prijs\">\u20ac90<\/p><p class=\"duur\">per nacht\/min. 2<\/p><\/div><\/div>\n\t\t\t\t<\/div>\n\t\t\t\t<\/div>\n\t\t\t\t<div class=\"elementor-element elementor-element-13e8d3d elementor-widget elementor-widget-text-editor\" data-id=\"13e8d3d\" data-element_type=\"widget\" data-widget_type=\"text-editor.default\">\n\t\t\t\t<div class=\"elementor-widget-container\">\n\t\t\t\t\t<div class=\"elementor-text-editor elementor-clearfix\"><div class=\"wbm-prijstegel wbm-boc-darkgreen wbm-c-darkgreen\"><p class=\"weekperiode\">Zuschlag<\/p><p class=\"jaarperiode\">1 Person extra<\/p><p class=\"prijs\">\u20ac15<\/p><p class=\"duur\">pro Nacht<\/p><\/div><\/div>\n\t\t\t\t<\/div>\n\t\t\t\t<\/div>\n\t\t\t\t<div class=\"elementor-element elementor-element-ea63112 elementor-widget elementor-widget-text-editor\" data-id=\"ea63112\" data-element_type=\"widget\" data-widget_type=\"text-editor.default\">\n\t\t\t\t<div class=\"elementor-widget-container\">\n\t\t\t\t\t<div class=\"elementor-text-editor elementor-clearfix\"><\/div>\n\t\t\t\t<\/div>\n\t\t\t\t<\/div>\n\t\t\t\t\t\t<\/div>\n\t\t\t\t\t<\/div>\n\t\t<\/div>\n\t\t\t\t<div class=\"elementor-column elementor-col-50 elementor-inner-column elementor-element elementor-element-d3fddc9\" data-id=\"d3fddc9\" data-element_type=\"column\">\n\t\t\t<div class=\"elementor-column-wrap elementor-element-populated\">\n\t\t\t\t\t\t\t<div class=\"elementor-widget-wrap\">\n\t\t\t\t\t\t<div class=\"elementor-element elementor-element-3693e83 elementor-widget elementor-widget-text-editor\" data-id=\"3693e83\" data-element_type=\"widget\" data-widget_type=\"text-editor.default\">\n\t\t\t\t<div class=\"elementor-widget-container\">\n\t\t\t\t\t<div class=\"elementor-text-editor elementor-clearfix\"><div class=\"wbm-prijstegel\"><p class=\"weekperiode\">Hochsaison<\/p><p class=\"jaarperiode\">bis zu 6 Personen<\/p><p class=\"prijs\">\u20ac110<\/p><p class=\"duur\">per nacht\/min. 2<\/p><\/div><\/div>\n\t\t\t\t<\/div>\n\t\t\t\t<\/div>\n\t\t\t\t<div class=\"elementor-element elementor-element-6d439c9 elementor-widget elementor-widget-text-editor\" data-id=\"6d439c9\" data-element_type=\"widget\" data-widget_type=\"text-editor.default\">\n\t\t\t\t<div class=\"elementor-widget-container\">\n\t\t\t\t\t<div class=\"elementor-text-editor elementor-clearfix\"><div class=\"wbm-prijstegel\">\n<p class=\"weekperiode\">Zuschlag<\/p>\n<p class=\"jaarperiode\">1 Person extra<\/p>\n<p class=\"prijs\">\u20ac20<\/p>\n<p class=\"duur\">pro Nacht<\/p>\n<\/div><\/div>\n\t\t\t\t<\/div>\n\t\t\t\t<\/div>\n\t\t\t\t<div class=\"elementor-element elementor-element-0fbc8d6 elementor-widget elementor-widget-text-editor\" data-id=\"0fbc8d6\" data-element_type=\"widget\" data-widget_type=\"text-editor.default\">\n\t\t\t\t<div class=\"elementor-widget-container\">\n\t\t\t\t\t<div class=\"elementor-text-editor elementor-clearfix\"><\/div>\n\t\t\t\t<\/div>\n\t\t\t\t<\/div>\n\t\t\t\t\t\t<\/div>\n\t\t\t\t\t<\/div>\n\t\t<\/div>\n\t\t\t\t\t\t\t\t<\/div>\n\t\t\t\t\t<\/div>\n\t\t<\/section>\n\t\t\t\t\t\t<\/div>\n\t\t\t\t\t<\/div>\n\t\t<\/div>\n\t\t\t\t<div class=\"elementor-column elementor-col-50 elementor-top-column elementor-element elementor-element-b11317b\" data-id=\"b11317b\" data-element_type=\"column\">\n\t\t\t<div class=\"elementor-column-wrap elementor-element-populated\">\n\t\t\t\t\t\t\t<div class=\"elementor-widget-wrap\">\n\t\t\t\t\t\t<div class=\"elementor-element elementor-element-34c3be2 elementor-widget elementor-widget-text-editor\" data-id=\"34c3be2\" data-element_type=\"widget\" data-widget_type=\"text-editor.default\">\n\t\t\t\t<div class=\"elementor-widget-container\">\n\t\t\t\t\t<div class=\"elementor-text-editor elementor-clearfix\"><p><b>Hochsaison<\/b><\/p><ul><li>Alle belgischen Schulferien<\/li><li>Alle verl\u00e4ngerten Wochenenden (mit Br\u00fcckentagen) wie Himmelfahrt, Pfingsten, ...<\/li><\/ul><p><b>Check-in\/Check-out<\/b><\/p><ul><li>Check-in ab 14.00 Uhr<\/li><li>Check-out bis 10.30 Uhr<\/li><li>Andere Zeiten sind in Absprache m\u00f6glich<\/li><\/ul><p><b>Inbegriffen<\/b><\/p><ul><li>WLAN<\/li><li>Wasserverbrauch, Strom, Heizung<\/li><li>Bettw\u00e4sche: Die Betten sind bei Ankunft frisch bezogen<\/li><li>Handt\u00fccher: 1 Set Handt\u00fccher pro Person besteht aus 1 Badetuch, 3 Handt\u00fcchern und 1 Waschhandschuh<\/li><li>Kostenlose Parkpl\u00e4tze beim Ferienhaus<\/li><\/ul><p><b>Nicht inbegriffen<\/b><\/p><ul><li>Endreinigung: f\u00fcr jeden Aufenthalt 45 Euro.<\/li><\/ul><p><b>Zahlungsmethode<\/b><\/p><ul><li>25% Anzahlung nach Best\u00e4tigung der Reservierung.<\/li><\/ul><p><b>Keine Haustiere erlaubt<\/b><br \/><b>Rauchen ist nur auf der Terrasse gestattet<\/b><\/p><p><span style=\"font-size: 15px; font-style: normal; font-weight: bold;\">Erdgeschoss<\/span><\/p><ul style=\"font-size: 15px; font-style: normal; font-weight: 400;\"><li style=\"font-size: 15px;\">Esszimmer mit Sitzecke<\/li><li style=\"font-size: 15px;\">TV und WiFi-Verbindung<\/li><li style=\"font-size: 15px;\">Kinderecke mit Schlafsofa<\/li><li style=\"font-size: 15px;\">Voll ausgestattete K\u00fcche mit Sp\u00fclmaschine, Mikrowelle, Backofen, K\u00fchl-\/Gefrierkombination<\/li><li style=\"font-size: 15px;\">Duschraum mit Toilette und Handwaschbecken<\/li><\/ul><div><p style=\"font-size: 15px; font-style: normal; font-weight: 400;\"><span style=\"font-size: 15px; font-style: normal; font-weight: bold;\">Obergeschoss<\/span><\/p><ul style=\"font-size: 15px; font-style: normal; font-weight: 400;\"><li style=\"font-size: 15px;\">Kinderzimmer mit 2 Stapelbetten und Kinderbett<\/li><li style=\"font-size: 15px;\">2 Schlafzimmer mit Boxspringbett f\u00fcr 2 Personen und TV<\/li><li style=\"font-size: 15px;\">Badezimmer mit Badewanne, Dusche, Doppelwaschbecken und Toilette<\/li><\/ul><div><p style=\"font-size: 15px; font-style: normal; font-weight: 400;\"><span style=\"font-size: 15px; font-style: normal; font-weight: bold;\">Garten<\/span><\/p><ul style=\"font-size: 15px; font-style: normal; font-weight: 400;\"><li style=\"font-size: 15px;\">Terrasse, Gartenm\u00f6bel und Grill<\/li><\/ul><\/div><\/div><p><style type=\"text\/css\">\np.p1 {margin: 0.0px 0.0px 10.0px 0.0px; font: 11.0px Calibri}<br \/>p.p2 {margin: 0.0px 0.0px 10.0px 70.7px; font: 11.0px Calibri}<br \/>span.s1 {font-kerning: none}<br \/>span.Apple-tab-span {white-space:pre}<br \/><\/style><\/p><\/div>\n\t\t\t\t<\/div>\n\t\t\t\t<\/div>\n\t\t\t\t\t\t<\/div>\n\t\t\t\t\t<\/div>\n\t\t<\/div>\n\t\t\t\t\t\t\t\t<\/div>\n\t\t\t\t\t<\/div>\n\t\t<\/section>\n\t\t\t\t<section class=\"elementor-section elementor-top-section elementor-element elementor-element-e78805d elementor-section-full_width elementor-section-height-default elementor-section-height-default\" data-id=\"e78805d\" data-element_type=\"section\">\n\t\t\t\t\t\t<div class=\"elementor-container elementor-column-gap-no\">\n\t\t\t\t\t\t\t<div class=\"elementor-row\">\n\t\t\t\t\t<div class=\"elementor-column elementor-col-100 elementor-top-column elementor-element elementor-element-85bd1fa\" data-id=\"85bd1fa\" data-element_type=\"column\">\n\t\t\t<div class=\"elementor-column-wrap elementor-element-populated\">\n\t\t\t\t\t\t\t<div class=\"elementor-widget-wrap\">\n\t\t\t\t\t\t<div class=\"elementor-element elementor-element-0eb5611 elementor-widget elementor-widget-template\" data-id=\"0eb5611\" data-element_type=\"widget\" data-widget_type=\"template.default\">\n\t\t\t\t<div class=\"elementor-widget-container\">\n\t\t\t\t\t<div class=\"elementor-template\">\n\t\t\t\t\t<div data-elementor-type=\"section\" data-elementor-id=\"201\" class=\"elementor elementor-201 elementor-bc-flex-widget\" data-elementor-settings=\"[]\">\n\t\t<div class=\"elementor-section-wrap\">\n\t\t\t\t\t<section class=\"elementor-section elementor-top-section elementor-element elementor-element-0b286bb elementor-section-boxed elementor-section-height-default elementor-section-height-default\" data-id=\"0b286bb\" data-element_type=\"section\">\n\t\t\t\t\t\t<div class=\"elementor-container elementor-column-gap-default\">\n\t\t\t\t\t\t\t<div class=\"elementor-row\">\n\t\t\t\t\t<div class=\"elementor-column elementor-col-100 elementor-top-column elementor-element elementor-element-791b9e6\" data-id=\"791b9e6\" data-element_type=\"column\">\n\t\t\t<div class=\"elementor-column-wrap elementor-element-populated\">\n\t\t\t\t\t\t\t<div class=\"elementor-widget-wrap\">\n\t\t\t\t\t\t<div class=\"elementor-element elementor-element-b96d31f wbm-c-darkgreen elementor-widget elementor-widget-heading\" data-id=\"b96d31f\" data-element_type=\"widget\" data-widget_type=\"heading.default\">\n\t\t\t\t<div class=\"elementor-widget-container\">\n\t\t\t<h2 class=\"elementor-heading-title elementor-size-default\">WAS BESUCHER ZU SAGEN HABEN<\/h2>\t\t<\/div>\n\t\t\t\t<\/div>\n\t\t\t\t<div class=\"elementor-element elementor-element-97af2fd elementor-widget elementor-widget-image\" data-id=\"97af2fd\" data-element_type=\"widget\" data-widget_type=\"image.default\">\n\t\t\t\t<div class=\"elementor-widget-container\">\n\t\t\t\t\t<div class=\"elementor-image\">\n\t\t\t\t\t\t\t\t\t\t<img width=\"258\" height=\"89\" src=\"https:\/\/www.villamillina.be\/wp-content\/uploads\/2018\/04\/kringel-groen.png\" class=\"attachment-large size-large\" alt=\"\" loading=\"lazy\" \/>\t\t\t\t\t\t\t\t\t\t\t<\/div>\n\t\t\t\t<\/div>\n\t\t\t\t<\/div>\n\t\t\t\t<div class=\"elementor-element elementor-element-66d5766 elementor-testimonial--skin-default elementor-testimonial--layout-image_inline elementor-testimonial--align-center elementor-arrows-yes elementor-pagination-type-bullets elementor-widget elementor-widget-testimonial-carousel\" data-id=\"66d5766\" data-element_type=\"widget\" data-settings=\"{&quot;show_arrows&quot;:&quot;yes&quot;,&quot;pagination&quot;:&quot;bullets&quot;,&quot;speed&quot;:500,&quot;autoplay&quot;:&quot;yes&quot;,&quot;autoplay_speed&quot;:5000,&quot;loop&quot;:&quot;yes&quot;,&quot;pause_on_hover&quot;:&quot;yes&quot;,&quot;pause_on_interaction&quot;:&quot;yes&quot;,&quot;space_between&quot;:{&quot;unit&quot;:&quot;px&quot;,&quot;size&quot;:10,&quot;sizes&quot;:[]},&quot;space_between_tablet&quot;:{&quot;unit&quot;:&quot;px&quot;,&quot;size&quot;:10,&quot;sizes&quot;:[]},&quot;space_between_mobile&quot;:{&quot;unit&quot;:&quot;px&quot;,&quot;size&quot;:10,&quot;sizes&quot;:[]}}\" data-widget_type=\"testimonial-carousel.default\">\n\t\t\t\t<div class=\"elementor-widget-container\">\n\t\t\t\t\t<div class=\"elementor-swiper\">\n\t\t\t<div class=\"elementor-main-swiper swiper-container\">\n\t\t\t\t<div class=\"swiper-wrapper\">\n\t\t\t\t\t\t\t\t\t\t\t<div class=\"swiper-slide\">\n\t\t\t\t\t\t\t\t\t<div class=\"elementor-testimonial\">\n\t\t\t\t\t\t\t<div class=\"elementor-testimonial__content\">\n\t\t\t\t\t<div class=\"elementor-testimonial__text\">\n\t\t\t\t\t\tBei unserer Ankunft wurden wir freundlich von der Mutter des Eigent\u00fcmers begr\u00fc\u00dft und uns wurde die Bedienung aller Ger\u00e4te in der Unterkunft erkl\u00e4rt. Au\u00dferdem bekamen wir ein Glas mit selbst gemachter Beerenmarmelade, k\u00f6stlich. Wir haben unsere Besuche im Weinschloss, in der Kommende Alden Biesen und im Gallo-R\u00f6mischen Museum in Tongeren genossen. \t\t\t\t\t<\/div>\n\t\t\t\t\t\t\t\t\t<\/div>\n\t\t\t\t\t\t<div class=\"elementor-testimonial__footer\">\n\t\t\t\t\t\t\t\t<cite class=\"elementor-testimonial__cite\"><span class=\"elementor-testimonial__name\">Familie Maes<\/span><span class=\"elementor-testimonial__title\">Niederlande<\/span><\/cite>\t\t\t<\/div>\n\t\t<\/div>\n\t\t\t\t\t\t\t\t<\/div>\n\t\t\t\t\t\t\t\t\t\t\t<div class=\"swiper-slide\">\n\t\t\t\t\t\t\t\t\t<div class=\"elementor-testimonial\">\n\t\t\t\t\t\t\t<div class=\"elementor-testimonial__content\">\n\t\t\t\t\t<div class=\"elementor-testimonial__text\">\n\t\t\t\t\t\tSuper! Reizvolles Haus mit allen modernen Annehmlichkeiten.\t\t\t\t\t<\/div>\n\t\t\t\t\t\t\t\t\t<\/div>\n\t\t\t\t\t\t<div class=\"elementor-testimonial__footer\">\n\t\t\t\t\t\t\t\t<cite class=\"elementor-testimonial__cite\"><span class=\"elementor-testimonial__name\">Familie Janssen<\/span><span class=\"elementor-testimonial__title\">Belgien<\/span><\/cite>\t\t\t<\/div>\n\t\t<\/div>\n\t\t\t\t\t\t\t\t<\/div>\n\t\t\t\t\t\t\t\t\t\t\t<div class=\"swiper-slide\">\n\t\t\t\t\t\t\t\t\t<div class=\"elementor-testimonial\">\n\t\t\t\t\t\t\t<div class=\"elementor-testimonial__content\">\n\t\t\t\t\t<div class=\"elementor-testimonial__text\">\n\t\t\t\t\t\tSehr freundliche Gastgeber, toller Garten zum Grillen und zum Spielen f\u00fcr Kinder.\t\t\t\t\t<\/div>\n\t\t\t\t\t\t\t\t\t<\/div>\n\t\t\t\t\t\t<div class=\"elementor-testimonial__footer\">\n\t\t\t\t\t\t\t\t<cite class=\"elementor-testimonial__cite\"><span class=\"elementor-testimonial__name\">Familie Strauss<\/span><span class=\"elementor-testimonial__title\">Deutschland<\/span><\/cite>\t\t\t<\/div>\n\t\t<\/div>\n\t\t\t\t\t\t\t\t<\/div>\n\t\t\t\t\t\t\t\t\t\t\t<div class=\"swiper-slide\">\n\t\t\t\t\t\t\t\t\t<div class=\"elementor-testimonial\">\n\t\t\t\t\t\t\t<div class=\"elementor-testimonial__content\">\n\t\t\t\t\t<div class=\"elementor-testimonial__text\">\n\t\t\t\t\t\tGepflegtes, sch\u00f6nes Haus mit allem Drum und Dran.\t\t\t\t\t<\/div>\n\t\t\t\t\t\t\t\t\t<\/div>\n\t\t\t\t\t\t<div class=\"elementor-testimonial__footer\">\n\t\t\t\t\t\t\t\t<cite class=\"elementor-testimonial__cite\"><span class=\"elementor-testimonial__name\">Van Aelteren<\/span><span class=\"elementor-testimonial__title\">Belgien<\/span><\/cite>\t\t\t<\/div>\n\t\t<\/div>\n\t\t\t\t\t\t\t\t<\/div>\n\t\t\t\t\t\t\t\t\t\t\t<div class=\"swiper-slide\">\n\t\t\t\t\t\t\t\t\t<div class=\"elementor-testimonial\">\n\t\t\t\t\t\t\t<div class=\"elementor-testimonial__content\">\n\t\t\t\t\t<div class=\"elementor-testimonial__text\">\n\t\t\t\t\t\tGepflegtes, sch\u00f6nes Haus mit allem Drum und Dran. Auf jeden Fall sehr zu empfehlen.\nSch\u00f6nes Haus mit gro\u00dfem Garten und allen m\u00f6glichen anderen Annehmlichkeiten, so dass man sich schnell wie zu Hause f\u00fchlt. \t\t\t\t\t<\/div>\n\t\t\t\t\t\t\t\t\t<\/div>\n\t\t\t\t\t\t<div class=\"elementor-testimonial__footer\">\n\t\t\t\t\t\t\t\t<cite class=\"elementor-testimonial__cite\"><span class=\"elementor-testimonial__name\">Familie Bol<\/span><span class=\"elementor-testimonial__title\">Belgien<\/span><\/cite>\t\t\t<\/div>\n\t\t<\/div>\n\t\t\t\t\t\t\t\t<\/div>\n\t\t\t\t\t\t\t\t\t\t\t<div class=\"swiper-slide\">\n\t\t\t\t\t\t\t\t\t<div class=\"elementor-testimonial\">\n\t\t\t\t\t\t\t<div class=\"elementor-testimonial__content\">\n\t\t\t\t\t<div class=\"elementor-testimonial__text\">\n\t\t\t\t\t\t\u00dcber die nat\u00fcrliche Ordnung der Dinge und die zeitlose Sch\u00f6nheit des Ortes hinaus,\nfinden Sie in der Villa Millina Luxus in Bezug auf Empfang, Annehmlichkeiten und Komfort,  \ndie Ruhe eines herrlichen kleinen Dorfes im belgischen Kempen in der Region Flandern.\nUnd die \u00dcppigkeit, die Sie bei Spazierg\u00e4ngen, Momenten der Entspannung oder Entdeckung in Ihren Aufenthalt einbringen m\u00f6chten.\t\t\t\t\t<\/div>\n\t\t\t\t\t\t\t\t\t<\/div>\n\t\t\t\t\t\t<div class=\"elementor-testimonial__footer\">\n\t\t\t\t\t\t\t\t<cite class=\"elementor-testimonial__cite\"><span class=\"elementor-testimonial__name\">Catherine Wiame<\/span><span class=\"elementor-testimonial__title\">Belgien<\/span><\/cite>\t\t\t<\/div>\n\t\t<\/div>\n\t\t\t\t\t\t\t\t<\/div>\n\t\t\t\t\t\t\t\t\t<\/div>\n\t\t\t\t\t\t\t\t\t\t\t\t\t\t\t<div class=\"swiper-pagination\"><\/div>\n\t\t\t\t\t\t\t\t\t\t\t\t\t\t\t\t<div class=\"elementor-swiper-button elementor-swiper-button-prev\">\n\t\t\t\t\t\t\t<i class=\"eicon-chevron-left\" aria-hidden=\"true\"><\/i>\n\t\t\t\t\t\t\t<span class=\"elementor-screen-only\">Voriger<\/span>\n\t\t\t\t\t\t<\/div>\n\t\t\t\t\t\t<div class=\"elementor-swiper-button elementor-swiper-button-next\">\n\t\t\t\t\t\t\t<i class=\"eicon-chevron-right\" aria-hidden=\"true\"><\/i>\n\t\t\t\t\t\t\t<span class=\"elementor-screen-only\">N\u00e4chster<\/span>\n\t\t\t\t\t\t<\/div>\n\t\t\t\t\t\t\t\t\t\t\t\t<\/div>\n\t\t<\/div>\n\t\t\t\t<\/div>\n\t\t\t\t<\/div>\n\t\t\t\t\t\t<\/div>\n\t\t\t\t\t<\/div>\n\t\t<\/div>\n\t\t\t\t\t\t\t\t<\/div>\n\t\t\t\t\t<\/div>\n\t\t<\/section>\n\t\t\t\t<\/div>\n\t\t<\/div>\n\t\t\t\t<\/div>\n\t\t\t\t<\/div>\n\t\t\t\t<\/div>\n\t\t\t\t\t\t<\/div>\n\t\t\t\t\t<\/div>\n\t\t<\/div>\n\t\t\t\t\t\t\t\t<\/div>\n\t\t\t\t\t<\/div>\n\t\t<\/section>\n\t\t\t\t<section class=\"elementor-section elementor-top-section elementor-element elementor-element-9be904e elementor-section-full_width elementor-section-height-default elementor-section-height-default\" data-id=\"9be904e\" data-element_type=\"section\">\n\t\t\t\t\t\t<div class=\"elementor-container elementor-column-gap-no\">\n\t\t\t\t\t\t\t<div class=\"elementor-row\">\n\t\t\t\t\t<div class=\"elementor-column elementor-col-100 elementor-top-column elementor-element elementor-element-1b97f6b\" data-id=\"1b97f6b\" data-element_type=\"column\">\n\t\t\t<div class=\"elementor-column-wrap elementor-element-populated\">\n\t\t\t\t\t\t\t<div class=\"elementor-widget-wrap\">\n\t\t\t\t\t\t<div class=\"elementor-element elementor-element-574d21d elementor-widget elementor-widget-template\" data-id=\"574d21d\" data-element_type=\"widget\" data-widget_type=\"template.default\">\n\t\t\t\t<div class=\"elementor-widget-container\">\n\t\t\t\t\t<div class=\"elementor-template\">\n\t\t\t\t\t<div data-elementor-type=\"section\" data-elementor-id=\"195\" class=\"elementor elementor-195 elementor-bc-flex-widget\" data-elementor-settings=\"[]\">\n\t\t<div class=\"elementor-section-wrap\">\n\t\t\t\t\t<section class=\"elementor-section elementor-top-section elementor-element elementor-element-dd596de elementor-section-full_width elementor-section-height-default elementor-section-height-default\" data-id=\"dd596de\" data-element_type=\"section\">\n\t\t\t\t\t\t<div class=\"elementor-container elementor-column-gap-no\">\n\t\t\t\t\t\t\t<div class=\"elementor-row\">\n\t\t\t\t\t<div class=\"elementor-column elementor-col-100 elementor-top-column elementor-element elementor-element-b39e24b\" data-id=\"b39e24b\" data-element_type=\"column\">\n\t\t\t<div class=\"elementor-column-wrap elementor-element-populated\">\n\t\t\t\t\t\t\t<div class=\"elementor-widget-wrap\">\n\t\t\t\t\t\t<div class=\"elementor-element elementor-element-0dc0127 elementor-widget elementor-widget-google_maps\" data-id=\"0dc0127\" data-element_type=\"widget\" data-widget_type=\"google_maps.default\">\n\t\t\t\t<div class=\"elementor-widget-container\">\n\t\t\t<div class=\"elementor-custom-embed\"><iframe frameborder=\"0\" scrolling=\"no\" marginheight=\"0\" marginwidth=\"0\" src=\"https:\/\/maps.google.com\/maps?q=Peperstraat%2030%2C%203770%20Riemst&amp;t=m&amp;z=10&amp;output=embed&amp;iwloc=near\" title=\"Peperstraat 30, 3770 Riemst\" aria-label=\"Peperstraat 30, 3770 Riemst\"><\/iframe><\/div>\t\t<\/div>\n\t\t\t\t<\/div>\n\t\t\t\t\t\t<\/div>\n\t\t\t\t\t<\/div>\n\t\t<\/div>\n\t\t\t\t\t\t\t\t<\/div>\n\t\t\t\t\t<\/div>\n\t\t<\/section>\n\t\t\t\t<\/div>\n\t\t<\/div>\n\t\t\t\t<\/div>\n\t\t\t\t<\/div>\n\t\t\t\t<\/div>\n\t\t\t\t\t\t<\/div>\n\t\t\t\t\t<\/div>\n\t\t<\/div>\n\t\t\t\t\t\t\t\t<\/div>\n\t\t\t\t\t<\/div>\n\t\t<\/section>\n\t\t\t\t\t\t<\/div>\n\t\t\t\t\t\t<\/div>\n\t\t\t\t\t<\/div>","protected":false},"excerpt":{"rendered":"<p>INFORMATIE Het is ook mogelijk om andere periodes dan een weekend, midweek, week te boeken. Neem daarvoor gerust contact met ons op. Laagseizoen tot 6 personen \u20ac90 per nacht\/min. 2 Supplement 1 persoon extra \u20ac15 per nacht Hoogseizoen tot 6 personen \u20ac110 per nacht\/min. 2 Supplement 1 persoon extra \u20ac20 per nacht Hoogseizoen Alle Belgische &hellip;<\/p>\n<p class=\"read-more\"> <a class=\"\" href=\"https:\/\/www.villamillina.be\/de\/informatie\/\"> <span class=\"screen-reader-text\">Informationen<\/span> Read More \u00bb<\/a><\/p>","protected":false},"author":3,"featured_media":0,"parent":0,"menu_order":0,"comment_status":"closed","ping_status":"closed","template":"","meta":[],"_links":{"self":[{"href":"https:\/\/www.villamillina.be\/de\/wp-json\/wp\/v2\/pages\/214"}],"collection":[{"href":"https:\/\/www.villamillina.be\/de\/wp-json\/wp\/v2\/pages"}],"about":[{"href":"https:\/\/www.villamillina.be\/de\/wp-json\/wp\/v2\/types\/page"}],"author":[{"embeddable":true,"href":"https:\/\/www.villamillina.be\/de\/wp-json\/wp\/v2\/users\/3"}],"replies":[{"embeddable":true,"href":"https:\/\/www.villamillina.be\/de\/wp-json\/wp\/v2\/comments?post=214"}],"version-history":[{"count":38,"href":"https:\/\/www.villamillina.be\/de\/wp-json\/wp\/v2\/pages\/214\/revisions"}],"predecessor-version":[{"id":1533,"href":"https:\/\/www.villamillina.be\/de\/wp-json\/wp\/v2\/pages\/214\/revisions\/1533"}],"wp:attachment":[{"href":"https:\/\/www.villamillina.be\/de\/wp-json\/wp\/v2\/media?parent=214"}],"curies":[{"name":"wp","href":"https:\/\/api.w.org\/{rel}","templated":true}]}}