{"id":825,"date":"2018-08-20T10:24:57","date_gmt":"2018-08-20T08:24:57","guid":{"rendered":"https:\/\/www.villamillina.be\/?page_id=825"},"modified":"2018-08-20T10:26:06","modified_gmt":"2018-08-20T08:26:06","slug":"cookiebeleid","status":"publish","type":"page","link":"https:\/\/www.villamillina.be\/de\/richtlinien-zur-verwendung-von-cookies\/","title":{"rendered":"Cookiebeleid"},"content":{"rendered":"<div data-elementor-type=\"wp-post\" data-elementor-id=\"825\" class=\"elementor elementor-825 elementor-bc-flex-widget\" data-elementor-settings=\"[]\">\n\t\t\t\t\t\t<div class=\"elementor-inner\">\n\t\t\t\t\t\t\t<div class=\"elementor-section-wrap\">\n\t\t\t\t\t\t\t<section class=\"elementor-section elementor-top-section elementor-element elementor-element-954ad41 elementor-section-boxed elementor-section-height-default elementor-section-height-default\" data-id=\"954ad41\" data-element_type=\"section\">\n\t\t\t\t\t\t<div class=\"elementor-container elementor-column-gap-default\">\n\t\t\t\t\t\t\t<div class=\"elementor-row\">\n\t\t\t\t\t<div class=\"elementor-column elementor-col-100 elementor-top-column elementor-element elementor-element-dc1cb90\" data-id=\"dc1cb90\" data-element_type=\"column\">\n\t\t\t<div class=\"elementor-column-wrap elementor-element-populated\">\n\t\t\t\t\t\t\t<div class=\"elementor-widget-wrap\">\n\t\t\t\t\t\t<div class=\"elementor-element elementor-element-d293545 wbm-c-darkgreen elementor-widget elementor-widget-heading\" data-id=\"d293545\" data-element_type=\"widget\" data-widget_type=\"heading.default\">\n\t\t\t\t<div class=\"elementor-widget-container\">\n\t\t\t<h1 class=\"elementor-heading-title elementor-size-default\">RICHTLINIEN ZUR VERWENDUNG VON COOKIES<\/h1>\t\t<\/div>\n\t\t\t\t<\/div>\n\t\t\t\t<div class=\"elementor-element elementor-element-4721ad2 elementor-widget elementor-widget-image\" data-id=\"4721ad2\" data-element_type=\"widget\" data-widget_type=\"image.default\">\n\t\t\t\t<div class=\"elementor-widget-container\">\n\t\t\t\t\t<div class=\"elementor-image\">\n\t\t\t\t\t\t\t\t\t\t<img width=\"258\" height=\"89\" src=\"https:\/\/www.villamillina.be\/wp-content\/uploads\/2018\/04\/kringel-groen.png\" class=\"attachment-large size-large\" alt=\"\" loading=\"lazy\" \/>\t\t\t\t\t\t\t\t\t\t\t<\/div>\n\t\t\t\t<\/div>\n\t\t\t\t<\/div>\n\t\t\t\t\t\t<\/div>\n\t\t\t\t\t<\/div>\n\t\t<\/div>\n\t\t\t\t\t\t\t\t<\/div>\n\t\t\t\t\t<\/div>\n\t\t<\/section>\n\t\t\t\t<section class=\"elementor-section elementor-top-section elementor-element elementor-element-a51b8b5 wbm-bc-lightgreen elementor-section-boxed elementor-section-height-default elementor-section-height-default\" data-id=\"a51b8b5\" data-element_type=\"section\">\n\t\t\t\t\t\t<div class=\"elementor-container elementor-column-gap-default\">\n\t\t\t\t\t\t\t<div class=\"elementor-row\">\n\t\t\t\t\t<div class=\"elementor-column elementor-col-100 elementor-top-column elementor-element elementor-element-b11317b\" data-id=\"b11317b\" data-element_type=\"column\">\n\t\t\t<div class=\"elementor-column-wrap elementor-element-populated\">\n\t\t\t\t\t\t\t<div class=\"elementor-widget-wrap\">\n\t\t\t\t\t\t<div class=\"elementor-element elementor-element-34c3be2 elementor-widget elementor-widget-text-editor\" data-id=\"34c3be2\" data-element_type=\"widget\" data-widget_type=\"text-editor.default\">\n\t\t\t\t<div class=\"elementor-widget-container\">\n\t\t\t\t\t<div class=\"elementor-text-editor elementor-clearfix\"><p>Cookies bestehen aus im Browser installierten Code-Teilchen, die den Eigent\u00fcmer bei der Bereitstellung der Dienstleistung gem\u00e4\u00df den beschriebenen Zwecken unterst\u00fctzen. Bestimmte Zwecke, f\u00fcr die Cookies installiert werden, erfordern auch die Zustimmung des Benutzers.<\/p><p>Wenn die Installation von Cookies auf einer Zustimmung beruht, kann diese Zustimmung jederzeit gem\u00e4\u00df den Anweisungen in diesem Dokument frei widerrufen werden.<\/p><p>Bestimmte Dienstleistungen sammeln statistische Daten in anonymisierter, zusammengefasster Form und bed\u00fcrfen m\u00f6glicherweise nicht der Zustimmung des Benutzers oder werden direkt vom Eigent\u00fcmer verwaltet, je nachdem, wie sie beschrieben werden, ohne die Hilfe von Dritten.<\/p><p>Von Dritten erbrachte Dienstleistungen k\u00f6nnen dazu verwendet werden, die Surfgewohnheiten der Benutzer zus\u00e4tzlich zu den hier angegebenen Informationen und ohne Wissen des Eigent\u00fcmers zu verfolgen. Sie k\u00f6nnen die Datenschutzrichtlinien der genannten Dienstleistungen f\u00fcr weitere Informationen einsehen.<\/p><\/div>\n\t\t\t\t<\/div>\n\t\t\t\t<\/div>\n\t\t\t\t\t\t<\/div>\n\t\t\t\t\t<\/div>\n\t\t<\/div>\n\t\t\t\t\t\t\t\t<\/div>\n\t\t\t\t\t<\/div>\n\t\t<\/section>\n\t\t\t\t<section class=\"elementor-section elementor-top-section elementor-element elementor-element-9be904e elementor-section-full_width elementor-section-height-default elementor-section-height-default\" data-id=\"9be904e\" data-element_type=\"section\">\n\t\t\t\t\t\t<div class=\"elementor-container elementor-column-gap-no\">\n\t\t\t\t\t\t\t<div class=\"elementor-row\">\n\t\t\t\t\t<div class=\"elementor-column elementor-col-100 elementor-top-column elementor-element elementor-element-1b97f6b\" data-id=\"1b97f6b\" data-element_type=\"column\">\n\t\t\t<div class=\"elementor-column-wrap elementor-element-populated\">\n\t\t\t\t\t\t\t<div class=\"elementor-widget-wrap\">\n\t\t\t\t\t\t<div class=\"elementor-element elementor-element-574d21d elementor-widget elementor-widget-template\" data-id=\"574d21d\" data-element_type=\"widget\" data-widget_type=\"template.default\">\n\t\t\t\t<div class=\"elementor-widget-container\">\n\t\t\t\t\t<div class=\"elementor-template\">\n\t\t\t\t\t<div data-elementor-type=\"section\" data-elementor-id=\"195\" class=\"elementor elementor-195 elementor-bc-flex-widget\" data-elementor-settings=\"[]\">\n\t\t<div class=\"elementor-section-wrap\">\n\t\t\t\t\t<section class=\"elementor-section elementor-top-section elementor-element elementor-element-dd596de elementor-section-full_width elementor-section-height-default elementor-section-height-default\" data-id=\"dd596de\" data-element_type=\"section\">\n\t\t\t\t\t\t<div class=\"elementor-container elementor-column-gap-no\">\n\t\t\t\t\t\t\t<div class=\"elementor-row\">\n\t\t\t\t\t<div class=\"elementor-column elementor-col-100 elementor-top-column elementor-element elementor-element-b39e24b\" data-id=\"b39e24b\" data-element_type=\"column\">\n\t\t\t<div class=\"elementor-column-wrap elementor-element-populated\">\n\t\t\t\t\t\t\t<div class=\"elementor-widget-wrap\">\n\t\t\t\t\t\t<div class=\"elementor-element elementor-element-0dc0127 elementor-widget elementor-widget-google_maps\" data-id=\"0dc0127\" data-element_type=\"widget\" data-widget_type=\"google_maps.default\">\n\t\t\t\t<div class=\"elementor-widget-container\">\n\t\t\t<div class=\"elementor-custom-embed\"><iframe frameborder=\"0\" scrolling=\"no\" marginheight=\"0\" marginwidth=\"0\" src=\"https:\/\/maps.google.com\/maps?q=Peperstraat%2030%2C%203770%20Riemst&amp;t=m&amp;z=10&amp;output=embed&amp;iwloc=near\" title=\"Peperstraat 30, 3770 Riemst\" aria-label=\"Peperstraat 30, 3770 Riemst\"><\/iframe><\/div>\t\t<\/div>\n\t\t\t\t<\/div>\n\t\t\t\t\t\t<\/div>\n\t\t\t\t\t<\/div>\n\t\t<\/div>\n\t\t\t\t\t\t\t\t<\/div>\n\t\t\t\t\t<\/div>\n\t\t<\/section>\n\t\t\t\t<\/div>\n\t\t<\/div>\n\t\t\t\t<\/div>\n\t\t\t\t<\/div>\n\t\t\t\t<\/div>\n\t\t\t\t\t\t<\/div>\n\t\t\t\t\t<\/div>\n\t\t<\/div>\n\t\t\t\t\t\t\t\t<\/div>\n\t\t\t\t\t<\/div>\n\t\t<\/section>\n\t\t\t\t\t\t<\/div>\n\t\t\t\t\t\t<\/div>\n\t\t\t\t\t<\/div>","protected":false},"excerpt":{"rendered":"<p>COOKIEBELEID Cookies bestaan uit deeltjes code die in de browser zijn ge\u00efnstalleerd om de Eigenaar te ondersteunen bij het verlenen van de Dienst volgens de beschreven doelen. Bepaalde doelen waarvoor Cookies zijn ge\u00efnstalleerd, vereisen ook de toestemming van de Gebruiker. Indien de installatie van Cookies gebaseerd is op toestemming, kan deze toestemming te allen tijde &hellip;<\/p>\n<p class=\"read-more\"> <a class=\"\" href=\"https:\/\/www.villamillina.be\/de\/richtlinien-zur-verwendung-von-cookies\/\"> <span class=\"screen-reader-text\">Cookiebeleid<\/span> Read More \u00bb<\/a><\/p>","protected":false},"author":4,"featured_media":0,"parent":0,"menu_order":0,"comment_status":"closed","ping_status":"closed","template":"","meta":[],"_links":{"self":[{"href":"https:\/\/www.villamillina.be\/de\/wp-json\/wp\/v2\/pages\/825"}],"collection":[{"href":"https:\/\/www.villamillina.be\/de\/wp-json\/wp\/v2\/pages"}],"about":[{"href":"https:\/\/www.villamillina.be\/de\/wp-json\/wp\/v2\/types\/page"}],"author":[{"embeddable":true,"href":"https:\/\/www.villamillina.be\/de\/wp-json\/wp\/v2\/users\/4"}],"replies":[{"embeddable":true,"href":"https:\/\/www.villamillina.be\/de\/wp-json\/wp\/v2\/comments?post=825"}],"version-history":[{"count":2,"href":"https:\/\/www.villamillina.be\/de\/wp-json\/wp\/v2\/pages\/825\/revisions"}],"predecessor-version":[{"id":827,"href":"https:\/\/www.villamillina.be\/de\/wp-json\/wp\/v2\/pages\/825\/revisions\/827"}],"wp:attachment":[{"href":"https:\/\/www.villamillina.be\/de\/wp-json\/wp\/v2\/media?parent=825"}],"curies":[{"name":"wp","href":"https:\/\/api.w.org\/{rel}","templated":true}]}}