{"id":834,"date":"2018-08-21T09:41:47","date_gmt":"2018-08-21T07:41:47","guid":{"rendered":"https:\/\/www.villamillina.be\/?page_id=834"},"modified":"2021-04-02T09:54:47","modified_gmt":"2021-04-02T07:54:47","slug":"privacybeleid","status":"publish","type":"page","link":"https:\/\/www.villamillina.be\/de\/datenschutzerklarung\/","title":{"rendered":"Privacybeleid"},"content":{"rendered":"<div data-elementor-type=\"wp-post\" data-elementor-id=\"834\" class=\"elementor elementor-834\" data-elementor-settings=\"[]\">\n\t\t\t\t\t\t<div class=\"elementor-inner\">\n\t\t\t\t\t\t\t<div class=\"elementor-section-wrap\">\n\t\t\t\t\t\t\t<section class=\"elementor-section elementor-top-section elementor-element elementor-element-954ad41 elementor-section-boxed elementor-section-height-default elementor-section-height-default\" data-id=\"954ad41\" data-element_type=\"section\">\n\t\t\t\t\t\t<div class=\"elementor-container elementor-column-gap-default\">\n\t\t\t\t\t\t\t<div class=\"elementor-row\">\n\t\t\t\t\t<div class=\"elementor-column elementor-col-100 elementor-top-column elementor-element elementor-element-dc1cb90\" data-id=\"dc1cb90\" data-element_type=\"column\">\n\t\t\t<div class=\"elementor-column-wrap elementor-element-populated\">\n\t\t\t\t\t\t\t<div class=\"elementor-widget-wrap\">\n\t\t\t\t\t\t<div class=\"elementor-element elementor-element-d293545 wbm-c-darkgreen elementor-widget elementor-widget-heading\" data-id=\"d293545\" data-element_type=\"widget\" data-widget_type=\"heading.default\">\n\t\t\t\t<div class=\"elementor-widget-container\">\n\t\t\t<h1 class=\"elementor-heading-title elementor-size-default\">DATENSCHUTZ<\/h1>\t\t<\/div>\n\t\t\t\t<\/div>\n\t\t\t\t<div class=\"elementor-element elementor-element-4721ad2 elementor-widget elementor-widget-image\" data-id=\"4721ad2\" data-element_type=\"widget\" data-widget_type=\"image.default\">\n\t\t\t\t<div class=\"elementor-widget-container\">\n\t\t\t\t\t<div class=\"elementor-image\">\n\t\t\t\t\t\t\t\t\t\t<img width=\"258\" height=\"89\" src=\"https:\/\/www.villamillina.be\/wp-content\/uploads\/2018\/04\/kringel-groen.png\" class=\"attachment-large size-large\" alt=\"\" loading=\"lazy\" \/>\t\t\t\t\t\t\t\t\t\t\t<\/div>\n\t\t\t\t<\/div>\n\t\t\t\t<\/div>\n\t\t\t\t\t\t<\/div>\n\t\t\t\t\t<\/div>\n\t\t<\/div>\n\t\t\t\t\t\t\t\t<\/div>\n\t\t\t\t\t<\/div>\n\t\t<\/section>\n\t\t\t\t<section class=\"elementor-section elementor-top-section elementor-element elementor-element-a51b8b5 wbm-bc-lightgreen elementor-section-boxed elementor-section-height-default elementor-section-height-default\" data-id=\"a51b8b5\" data-element_type=\"section\">\n\t\t\t\t\t\t<div class=\"elementor-container elementor-column-gap-default\">\n\t\t\t\t\t\t\t<div class=\"elementor-row\">\n\t\t\t\t\t<div class=\"elementor-column elementor-col-100 elementor-top-column elementor-element elementor-element-b11317b\" data-id=\"b11317b\" data-element_type=\"column\">\n\t\t\t<div class=\"elementor-column-wrap elementor-element-populated\">\n\t\t\t\t\t\t\t<div class=\"elementor-widget-wrap\">\n\t\t\t\t\t\t<div class=\"elementor-element elementor-element-34c3be2 elementor-widget elementor-widget-text-editor\" data-id=\"34c3be2\" data-element_type=\"widget\" data-widget_type=\"text-editor.default\">\n\t\t\t\t<div class=\"elementor-widget-container\">\n\t\t\t\t\t<div class=\"elementor-text-editor elementor-clearfix\"><h2><b>Villa Millina<\/b><\/h2>\nVilla Millina, mit Sitz in der Peperstraat 21,\u00a0<span style=\"font-size: 15px;\">3770 Riemst, ist verantwortlich f\u00fcr die Verarbeitung personenbezogener Daten wie in dieser Datenschutzerkl\u00e4rung beschrieben.<\/span>\n<h2><b>Kontaktdaten<\/b><\/h2>\nwww.villamillina.be\n<span style=\"font-size: 15px;\">Peperstraat 21\n<\/span><span style=\"font-size: 15px;\">3770 Riemst\n0032 468 038999<\/span>\n<h2><b>Personenbezogene Daten, die wir verarbeiten<\/b><\/h2>\nVilla Millina verarbeitet Ihre personenbezogenen Daten, weil Sie unsere Dienste nutzen und\/oder weil Sie uns diese Daten selbst zur Verf\u00fcgung stellen.\n<h2><b>Nachfolgend finden Sie eine \u00dcbersicht der personenbezogenen Daten, welche wir verarbeiten:<\/b><\/h2>\n<ul>\n \t<li><span style=\"font-size: 15px;\">Vor- und Nachname<\/span><\/li>\n \t<li><span style=\"font-size: 15px;\">Adressdaten<\/span><\/li>\n \t<li><span style=\"font-size: 15px;\">Telefonnummer<\/span><\/li>\n \t<li><span style=\"font-size: 15px;\">E-Mail-Adresse<\/span><\/li>\n \t<li><span style=\"font-size: 15px;\">Bankkontonummer<\/span><\/li>\n<\/ul>\n<h2><b>Besondere und\/oder vertrauliche pers\u00f6nliche Daten, die wir verarbeiten<\/b><\/h2>\nUnsere Webseite und\/oder Dienstleistung hat nicht die Absicht, Informationen \u00fcber Webseitenbesucher zu sammeln, die unter 16 Jahre alt sind.\nEs sei denn, sie haben die Erlaubnis der Eltern oder Erziehungsberechtigten.\nWir k\u00f6nnen jedoch nicht \u00fcberpr\u00fcfen, ob ein Besucher \u00fcber 16 Jahre alt ist.\nWir empfehlen Eltern, sich an den Online-Aktivit\u00e4ten ihrer Kinder zu beteiligen, um sicherzustellen, dass keine Daten \u00fcber sie ohne elterliche Zustimmung gesammelt werden.\nWenn Sie glauben, dass wir personenbezogene Daten \u00fcber einen Minderj\u00e4hrigen ohne diese Zustimmung gesammelt haben, kontaktieren Sie uns bitte unter info@villamillina.be, dann werden wir diese Daten l\u00f6schen.\n<h2>Met welk doel en op basis van welke grondslag wij persoonsgegevens verwerken.\nVilla Millina verwerkt uw persoonsgegevens voor de volgende doelen:<\/h2>\n<ul>\n \t<li><span style=\"font-size: 15px;\">Abwicklung Ihrer Zahlung<\/span><\/li>\n \t<li><span style=\"font-size: 15px;\">Versand unseres Newsletters und\/oder Werbebrosch\u00fcre<\/span><\/li>\n \t<li><span style=\"font-size: 15px;\">Um Sie anrufen oder Ihnen eine E-Mail schicken zu k\u00f6nnen, wenn dies zur Durchf\u00fchrung unserer Dienstleistung erforderlich ist<\/span><\/li>\n<\/ul>\n<h2><b>Automatisierte Entscheidungsfindung<\/b><\/h2>\nVilla Millina trifft [oder nicht] Entscheidungen auf der Grundlage automatisierter Verarbeitung in Angelegenheiten, die (erhebliche) Auswirkungen auf Personen haben k\u00f6nnen.\nDiese Entscheidungen werden von Computerprogrammen oder -systemen getroffen, ohne dass ein Mensch (z. B. ein Mitarbeiter der Villa Millina) beteiligt ist.\nVilla Millina verwendet die folgenden Computerprogramme oder Systeme:\n[erg\u00e4nzen mit dem Namen des Systems, warum es verwendet wird, zugrunde liegende Logik, Bedeutung und erwartete Auswirkung auf die betroffene Person]\n<h2><b>Wie lange bewahren wir personenbezogene Daten auf<\/b><\/h2>\nVilla Millina bewahrt Ihre pers\u00f6nlichen Daten nur so lange auf, wie es unbedingt notwendig ist, um die Zwecke zu erf\u00fcllen, f\u00fcr die Ihre Daten gesammelt wurden.\nWir wenden die folgenden Aufbewahrungsfristen f\u00fcr die folgende (Kategorie\u251c\u00bdn) von personenbezogenen Daten an:\n<ul>\n \t<li><span style=\"font-size: 15px;\">(Categorie) persoonsgegevens \u00a0&gt; Bewaartermijn &gt; Reden<\/span><\/li>\n \t<li><span style=\"font-size: 15px;\">Personalien > Aufbewahrungsfrist > Zweck \u00a0 \u00a0 \u00a0 \u00a0 \u00a0 \u00a0 \u00a0 \u00a0 \u00a0 \u00a0 \u00a0 \u00a0\u00a0<\/span><\/li>\n \t<li><span style=\"font-size: 15px;\">Adresse > Aufbewahrungsfrist > Zweck<\/span><\/li>\n \t<li><span style=\"font-size: 15px;\">Und so weiter > Aufbewahrungsfrist > Zweck\u00a0<\/span><\/li>\n<\/ul>\n<h2>Weitergabe personenbezogener Daten an Dritte<\/h2>\nVilla Millina gibt die Daten nur an Dritte weiter und nur dann, wenn dies zur Durchf\u00fchrung unseres Vertrages mit Ihnen oder zur Erf\u00fcllung einer gesetzlichen Verpflichtung erforderlich ist.\n<h2>Co<b>Villa Millina verwendet keine Cookies oder \u00e4hnliche Technologien.<\/b><\/h2>\nVilla Millina verwendet keine Cookies oder \u00e4hnliche Technologien.\n<h2>Einsichtnahme, \u00c4nderung oder L\u00f6schung von Daten<\/h2>\nSie haben das Recht, Ihre personenbezogenen Daten einzusehen, zu \u00e4ndern oder zu l\u00f6schen.\nSie k\u00f6nnen dies selbst \u00fcber die pers\u00f6nlichen Einstellungen Ihres Kontos tun.\nDar\u00fcber hinaus haben Sie das Recht, eine erteilte Einwilligung zur Datenverarbeitung zu widerrufen oder der Verarbeitung Ihrer personenbezogenen Daten durch unser Unternehmen zu widersprechen und Sie haben das Recht auf Daten\u00fcbertragbarkeit.\nDas bedeutet, dass Sie uns auffordern k\u00f6nnen, die personenbezogenen Daten, die wir \u00fcber Sie in einer Computerdatei haben, an Sie oder eine andere von Ihnen benannte Organisation zu senden.\nWenn Sie Ihr Widerspruchsrecht und\/oder Ihr Recht auf Daten\u00fcbertragbarkeit aus\u00fcben m\u00f6chten oder wenn Sie sonstige Fragen\/Anmerkungen zur Datenverarbeitung haben, senden Sie bitte eine spezifizierte Anfrage an info@villamillina.be.\nUm sicherzustellen, dass der Antrag auf Einsichtnahme von Ihnen gestellt wird, bitten wir Sie, eine Kopie Ihres Ausweises mit dem Antrag zu senden.\nAchten Sie darauf, dass in dieser Kopie Ihr Passfoto, die MRZ (maschinenlesbare Zone), die Passnummer und die B\u00fcrgerservicenummer (BSN) schwarz sind.\nDies dient dem Schutz Ihrer Privatsp\u00e4re.\nVilla Millina wird Ihre Anfrage so schnell wie m\u00f6glich, in jedem Fall aber innerhalb von vier Wochen beantworten.\nVilla Millina m\u00f6chte Sie au\u00dferdem darauf hinweisen, dass Sie die M\u00f6glichkeit haben, eine Beschwerde bei der nationalen Aufsichtsbeh\u00f6rde, der Autoriteit Persoonsgegevens, einzureichen.\nSie k\u00f6nnen dies unter dem folgenden Link tun: https:\/\/autoriteitpersoonsgegevens.nl\/nl\/contact-met-de-autoriteit-persoonsgegevens\/tip-ons <a href=\"https:\/\/autoriteitpersoonsgegevens.nl\/nl\/contact-met-de-autoriteit-persoonsgegevens\/tip-ons\">https:\/\/autoriteitpersoonsgegevens.nl\/nl\/contact-met-de-autoriteit-persoonsgegevens\/tip-ons<\/a>\n<h2>Wie wir Ihre personenbezogenen Daten sichern<\/h2>\nVilla Millina nimmt den Schutz Ihrer Daten ernst und ergreift geeignete Ma\u00dfnahmen, um Missbrauch, Verlust, unbefugten Zugriff, unerw\u00fcnschte Offenlegung und unbefugte \u00c4nderungen zu verhindern. Wenn Sie den Eindruck haben, dass Ihre Daten nicht ordnungsgem\u00e4\u00df gesichert sind oder es Hinweise auf einen Missbrauch gibt, wenden Sie sich bitte an unseren Kundenservice oder \u00fcber <a href=\"mailto:info@villamillina.be\">info@villamillina.be<\/a>\n<div><\/div><\/div>\n\t\t\t\t<\/div>\n\t\t\t\t<\/div>\n\t\t\t\t\t\t<\/div>\n\t\t\t\t\t<\/div>\n\t\t<\/div>\n\t\t\t\t\t\t\t\t<\/div>\n\t\t\t\t\t<\/div>\n\t\t<\/section>\n\t\t\t\t<section class=\"elementor-section elementor-top-section elementor-element elementor-element-9be904e elementor-section-full_width elementor-section-height-default elementor-section-height-default\" data-id=\"9be904e\" data-element_type=\"section\">\n\t\t\t\t\t\t<div class=\"elementor-container elementor-column-gap-no\">\n\t\t\t\t\t\t\t<div class=\"elementor-row\">\n\t\t\t\t\t<div class=\"elementor-column elementor-col-100 elementor-top-column elementor-element elementor-element-1b97f6b\" data-id=\"1b97f6b\" data-element_type=\"column\">\n\t\t\t<div class=\"elementor-column-wrap elementor-element-populated\">\n\t\t\t\t\t\t\t<div class=\"elementor-widget-wrap\">\n\t\t\t\t\t\t<div class=\"elementor-element elementor-element-574d21d elementor-widget elementor-widget-template\" data-id=\"574d21d\" data-element_type=\"widget\" data-widget_type=\"template.default\">\n\t\t\t\t<div class=\"elementor-widget-container\">\n\t\t\t\t\t<div class=\"elementor-template\">\n\t\t\t\t\t<div data-elementor-type=\"section\" data-elementor-id=\"195\" class=\"elementor elementor-195 elementor-bc-flex-widget\" data-elementor-settings=\"[]\">\n\t\t<div class=\"elementor-section-wrap\">\n\t\t\t\t\t<section class=\"elementor-section elementor-top-section elementor-element elementor-element-dd596de elementor-section-full_width elementor-section-height-default elementor-section-height-default\" data-id=\"dd596de\" data-element_type=\"section\">\n\t\t\t\t\t\t<div class=\"elementor-container elementor-column-gap-no\">\n\t\t\t\t\t\t\t<div class=\"elementor-row\">\n\t\t\t\t\t<div class=\"elementor-column elementor-col-100 elementor-top-column elementor-element elementor-element-b39e24b\" data-id=\"b39e24b\" data-element_type=\"column\">\n\t\t\t<div class=\"elementor-column-wrap elementor-element-populated\">\n\t\t\t\t\t\t\t<div class=\"elementor-widget-wrap\">\n\t\t\t\t\t\t<div class=\"elementor-element elementor-element-0dc0127 elementor-widget elementor-widget-google_maps\" data-id=\"0dc0127\" data-element_type=\"widget\" data-widget_type=\"google_maps.default\">\n\t\t\t\t<div class=\"elementor-widget-container\">\n\t\t\t<div class=\"elementor-custom-embed\"><iframe frameborder=\"0\" scrolling=\"no\" marginheight=\"0\" marginwidth=\"0\" src=\"https:\/\/maps.google.com\/maps?q=Peperstraat%2030%2C%203770%20Riemst&amp;t=m&amp;z=10&amp;output=embed&amp;iwloc=near\" title=\"Peperstraat 30, 3770 Riemst\" aria-label=\"Peperstraat 30, 3770 Riemst\"><\/iframe><\/div>\t\t<\/div>\n\t\t\t\t<\/div>\n\t\t\t\t\t\t<\/div>\n\t\t\t\t\t<\/div>\n\t\t<\/div>\n\t\t\t\t\t\t\t\t<\/div>\n\t\t\t\t\t<\/div>\n\t\t<\/section>\n\t\t\t\t<\/div>\n\t\t<\/div>\n\t\t\t\t<\/div>\n\t\t\t\t<\/div>\n\t\t\t\t<\/div>\n\t\t\t\t\t\t<\/div>\n\t\t\t\t\t<\/div>\n\t\t<\/div>\n\t\t\t\t\t\t\t\t<\/div>\n\t\t\t\t\t<\/div>\n\t\t<\/section>\n\t\t\t\t\t\t<\/div>\n\t\t\t\t\t\t<\/div>\n\t\t\t\t\t<\/div>","protected":false},"excerpt":{"rendered":"<p>PRIVACYBELEID Villa Millina Villa Millina, gevestigd aan Peperstraat 21,\u00a03770 Riemst, is verantwoordelijk voor de verwerking van persoonsgegevens zoals weergegeven in deze privacyverklaring. Contactgegevens: www.villamillina.be Peperstraat 21 3770 Riemst 0032 468 038999 Persoonsgegevens die wij verwerken Villa Millina verwerkt uw persoonsgegevens doordat u gebruik maakt van onze diensten en\/of omdat u deze zelf aan ons verstrekt. &hellip;<\/p>\n<p class=\"read-more\"> <a class=\"\" href=\"https:\/\/www.villamillina.be\/de\/datenschutzerklarung\/\"> <span class=\"screen-reader-text\">Privacybeleid<\/span> Read More \u00bb<\/a><\/p>","protected":false},"author":4,"featured_media":0,"parent":0,"menu_order":0,"comment_status":"closed","ping_status":"closed","template":"","meta":[],"_links":{"self":[{"href":"https:\/\/www.villamillina.be\/de\/wp-json\/wp\/v2\/pages\/834"}],"collection":[{"href":"https:\/\/www.villamillina.be\/de\/wp-json\/wp\/v2\/pages"}],"about":[{"href":"https:\/\/www.villamillina.be\/de\/wp-json\/wp\/v2\/types\/page"}],"author":[{"embeddable":true,"href":"https:\/\/www.villamillina.be\/de\/wp-json\/wp\/v2\/users\/4"}],"replies":[{"embeddable":true,"href":"https:\/\/www.villamillina.be\/de\/wp-json\/wp\/v2\/comments?post=834"}],"version-history":[{"count":7,"href":"https:\/\/www.villamillina.be\/de\/wp-json\/wp\/v2\/pages\/834\/revisions"}],"predecessor-version":[{"id":1475,"href":"https:\/\/www.villamillina.be\/de\/wp-json\/wp\/v2\/pages\/834\/revisions\/1475"}],"wp:attachment":[{"href":"https:\/\/www.villamillina.be\/de\/wp-json\/wp\/v2\/media?parent=834"}],"curies":[{"name":"wp","href":"https:\/\/api.w.org\/{rel}","templated":true}]}}