{"id":214,"date":"2018-04-14T17:46:42","date_gmt":"2018-04-14T15:46:42","guid":{"rendered":"https:\/\/www.villamillina.be\/?page_id=214"},"modified":"2024-06-02T08:53:03","modified_gmt":"2024-06-02T06:53:03","slug":"informatie","status":"publish","type":"page","link":"https:\/\/www.villamillina.be\/fr\/informatie\/","title":{"rendered":"Informations"},"content":{"rendered":"<div data-elementor-type=\"wp-post\" data-elementor-id=\"214\" class=\"elementor elementor-214\" data-elementor-settings=\"[]\">\n\t\t\t\t\t\t<div class=\"elementor-inner\">\n\t\t\t\t\t\t\t<div class=\"elementor-section-wrap\">\n\t\t\t\t\t\t\t<section class=\"elementor-section elementor-top-section elementor-element elementor-element-954ad41 elementor-section-boxed elementor-section-height-default elementor-section-height-default\" data-id=\"954ad41\" data-element_type=\"section\">\n\t\t\t\t\t\t<div class=\"elementor-container elementor-column-gap-default\">\n\t\t\t\t\t\t\t<div class=\"elementor-row\">\n\t\t\t\t\t<div class=\"elementor-column elementor-col-100 elementor-top-column elementor-element elementor-element-dc1cb90\" data-id=\"dc1cb90\" data-element_type=\"column\">\n\t\t\t<div class=\"elementor-column-wrap elementor-element-populated\">\n\t\t\t\t\t\t\t<div class=\"elementor-widget-wrap\">\n\t\t\t\t\t\t<div class=\"elementor-element elementor-element-d293545 wbm-c-darkgreen elementor-widget elementor-widget-heading\" data-id=\"d293545\" data-element_type=\"widget\" data-widget_type=\"heading.default\">\n\t\t\t\t<div class=\"elementor-widget-container\">\n\t\t\t<h1 class=\"elementor-heading-title elementor-size-default\">INFORMATIONS<\/h1>\t\t<\/div>\n\t\t\t\t<\/div>\n\t\t\t\t<div class=\"elementor-element elementor-element-0b54b92 wbm-ondertekst elementor-widget elementor-widget-text-editor\" data-id=\"0b54b92\" data-element_type=\"widget\" data-widget_type=\"text-editor.default\">\n\t\t\t\t<div class=\"elementor-widget-container\">\n\t\t\t\t\t<div class=\"elementor-text-editor elementor-clearfix\"><p style=\"text-align: center;\">Il est \u00e9galement possible de r\u00e9server des p\u00e9riodes autres qu\u2019un week-end, mid-week, semaine.<\/p><\/div>\n\t\t\t\t<\/div>\n\t\t\t\t<\/div>\n\t\t\t\t<div class=\"elementor-element elementor-element-4721ad2 elementor-widget elementor-widget-image\" data-id=\"4721ad2\" data-element_type=\"widget\" data-widget_type=\"image.default\">\n\t\t\t\t<div class=\"elementor-widget-container\">\n\t\t\t\t\t<div class=\"elementor-image\">\n\t\t\t\t\t\t\t\t\t\t<img width=\"258\" height=\"89\" src=\"https:\/\/www.villamillina.be\/wp-content\/uploads\/2018\/04\/kringel-groen.png\" class=\"attachment-large size-large\" alt=\"\" loading=\"lazy\" \/>\t\t\t\t\t\t\t\t\t\t\t<\/div>\n\t\t\t\t<\/div>\n\t\t\t\t<\/div>\n\t\t\t\t\t\t<\/div>\n\t\t\t\t\t<\/div>\n\t\t<\/div>\n\t\t\t\t\t\t\t\t<\/div>\n\t\t\t\t\t<\/div>\n\t\t<\/section>\n\t\t\t\t<section class=\"elementor-section elementor-top-section elementor-element elementor-element-a51b8b5 wbm-bc-lightgreen elementor-section-boxed elementor-section-height-default elementor-section-height-default\" data-id=\"a51b8b5\" data-element_type=\"section\">\n\t\t\t\t\t\t<div class=\"elementor-container elementor-column-gap-default\">\n\t\t\t\t\t\t\t<div class=\"elementor-row\">\n\t\t\t\t\t<div class=\"elementor-column elementor-col-50 elementor-top-column elementor-element elementor-element-3728a9a\" data-id=\"3728a9a\" data-element_type=\"column\">\n\t\t\t<div class=\"elementor-column-wrap elementor-element-populated\">\n\t\t\t\t\t\t\t<div class=\"elementor-widget-wrap\">\n\t\t\t\t\t\t<section class=\"elementor-section elementor-inner-section elementor-element elementor-element-3e5850a elementor-section-boxed elementor-section-height-default elementor-section-height-default\" data-id=\"3e5850a\" data-element_type=\"section\">\n\t\t\t\t\t\t<div class=\"elementor-container elementor-column-gap-default\">\n\t\t\t\t\t\t\t<div class=\"elementor-row\">\n\t\t\t\t\t<div class=\"elementor-column elementor-col-50 elementor-inner-column elementor-element elementor-element-e15a31a\" data-id=\"e15a31a\" data-element_type=\"column\">\n\t\t\t<div class=\"elementor-column-wrap elementor-element-populated\">\n\t\t\t\t\t\t\t<div class=\"elementor-widget-wrap\">\n\t\t\t\t\t\t<div class=\"elementor-element elementor-element-58457e8 elementor-widget elementor-widget-text-editor\" data-id=\"58457e8\" data-element_type=\"widget\" data-widget_type=\"text-editor.default\">\n\t\t\t\t<div class=\"elementor-widget-container\">\n\t\t\t\t\t<div class=\"elementor-text-editor elementor-clearfix\"><div class=\"wbm-prijstegel wbm-bc-darkgreen wbm-c-invert wbm-boc-darkgreen\"><p class=\"weekperiode\">Basse saison<\/p><p class=\"jaarperiode\">jusqu\u2019\u00e0 6 personnes<\/p><p class=\"prijs\">\u20ac90<\/p><p class=\"duur\">per nacht\/min. 2<\/p><\/div><\/div>\n\t\t\t\t<\/div>\n\t\t\t\t<\/div>\n\t\t\t\t<div class=\"elementor-element elementor-element-13e8d3d elementor-widget elementor-widget-text-editor\" data-id=\"13e8d3d\" data-element_type=\"widget\" data-widget_type=\"text-editor.default\">\n\t\t\t\t<div class=\"elementor-widget-container\">\n\t\t\t\t\t<div class=\"elementor-text-editor elementor-clearfix\"><div class=\"wbm-prijstegel wbm-boc-darkgreen wbm-c-darkgreen\"><p class=\"weekperiode\">Supplement<\/p><p class=\"jaarperiode\">1 personne en plus<\/p><p class=\"prijs\">\u20ac15<\/p><p class=\"duur\">par nuit<\/p><\/div><\/div>\n\t\t\t\t<\/div>\n\t\t\t\t<\/div>\n\t\t\t\t<div class=\"elementor-element elementor-element-ea63112 elementor-widget elementor-widget-text-editor\" data-id=\"ea63112\" data-element_type=\"widget\" data-widget_type=\"text-editor.default\">\n\t\t\t\t<div class=\"elementor-widget-container\">\n\t\t\t\t\t<div class=\"elementor-text-editor elementor-clearfix\"><\/div>\n\t\t\t\t<\/div>\n\t\t\t\t<\/div>\n\t\t\t\t\t\t<\/div>\n\t\t\t\t\t<\/div>\n\t\t<\/div>\n\t\t\t\t<div class=\"elementor-column elementor-col-50 elementor-inner-column elementor-element elementor-element-d3fddc9\" data-id=\"d3fddc9\" data-element_type=\"column\">\n\t\t\t<div class=\"elementor-column-wrap elementor-element-populated\">\n\t\t\t\t\t\t\t<div class=\"elementor-widget-wrap\">\n\t\t\t\t\t\t<div class=\"elementor-element elementor-element-3693e83 elementor-widget elementor-widget-text-editor\" data-id=\"3693e83\" data-element_type=\"widget\" data-widget_type=\"text-editor.default\">\n\t\t\t\t<div class=\"elementor-widget-container\">\n\t\t\t\t\t<div class=\"elementor-text-editor elementor-clearfix\"><div class=\"wbm-prijstegel\"><p class=\"weekperiode\">Haute saison<\/p><p class=\"jaarperiode\">jusqu\u2019\u00e0 6 personnes<\/p><p class=\"prijs\">\u20ac110<\/p><p class=\"duur\">per nacht\/min. 2<\/p><\/div><\/div>\n\t\t\t\t<\/div>\n\t\t\t\t<\/div>\n\t\t\t\t<div class=\"elementor-element elementor-element-6d439c9 elementor-widget elementor-widget-text-editor\" data-id=\"6d439c9\" data-element_type=\"widget\" data-widget_type=\"text-editor.default\">\n\t\t\t\t<div class=\"elementor-widget-container\">\n\t\t\t\t\t<div class=\"elementor-text-editor elementor-clearfix\"><div class=\"wbm-prijstegel\">\n<p class=\"weekperiode\">Supplement<\/p>\n<p class=\"jaarperiode\">1 personne en plus<\/p>\n<p class=\"prijs\">\u20ac20<\/p>\n<p class=\"duur\">par nuit<\/p>\n<\/div><\/div>\n\t\t\t\t<\/div>\n\t\t\t\t<\/div>\n\t\t\t\t<div class=\"elementor-element elementor-element-0fbc8d6 elementor-widget elementor-widget-text-editor\" data-id=\"0fbc8d6\" data-element_type=\"widget\" data-widget_type=\"text-editor.default\">\n\t\t\t\t<div class=\"elementor-widget-container\">\n\t\t\t\t\t<div class=\"elementor-text-editor elementor-clearfix\"><\/div>\n\t\t\t\t<\/div>\n\t\t\t\t<\/div>\n\t\t\t\t\t\t<\/div>\n\t\t\t\t\t<\/div>\n\t\t<\/div>\n\t\t\t\t\t\t\t\t<\/div>\n\t\t\t\t\t<\/div>\n\t\t<\/section>\n\t\t\t\t\t\t<\/div>\n\t\t\t\t\t<\/div>\n\t\t<\/div>\n\t\t\t\t<div class=\"elementor-column elementor-col-50 elementor-top-column elementor-element elementor-element-b11317b\" data-id=\"b11317b\" data-element_type=\"column\">\n\t\t\t<div class=\"elementor-column-wrap elementor-element-populated\">\n\t\t\t\t\t\t\t<div class=\"elementor-widget-wrap\">\n\t\t\t\t\t\t<div class=\"elementor-element elementor-element-34c3be2 elementor-widget elementor-widget-text-editor\" data-id=\"34c3be2\" data-element_type=\"widget\" data-widget_type=\"text-editor.default\">\n\t\t\t\t<div class=\"elementor-widget-container\">\n\t\t\t\t\t<div class=\"elementor-text-editor elementor-clearfix\"><p><b>Haute saison<\/b><\/p><ul><li>Vacances scolaires belges<\/li><li>Week-ends prolong\u00e9s (avec ponts) tels que l\u2019Ascension, la Pentec\u00f4te...<\/li><\/ul><p><b>Check-in - Check-out<\/b><\/p><ul><li>Check-in \u00e0 partir de 14h00<\/li><li>Check-out avant 10h30<\/li><li>D\u2019autres p\u00e9riodes sont \u00e9galement possibles.<\/li><\/ul><p><b>Inclus dans le prix<\/b><\/p><ul><li>internet sans fil<\/li><li>Eau, \u00e9lectricit\u00e9 et chauffage<\/li><li>Linge de lit : les lits sont faits \u00e0 l\u2019arriv\u00e9e<\/li><li>Linge de bain : 1 parure de serviettes par personne avec 1 serviette de bain, 3 serviettes et 1 torchon<\/li><li>Parking gratuit sur place<\/li><\/ul><p><b>Non-inclus<\/b><\/p><ul><li>M\u00e9nage de fin de s\u00e9jour = 45\u20ac par s\u00e9jour<\/li><\/ul><p><b>Moyens de paiement<\/b><\/p><ul><li>Acompte de 25% pour validation de la r\u00e9servation<\/li><\/ul><p><b>La maison n\u2019accepte pas les animaux de compagnie<\/b><br \/><b>Interdiction de fumer sauf sur la terrasse<\/b><\/p><p><span style=\"font-size: 15px; font-style: normal; font-weight: bold;\">Rez de chauss\u00e9e<\/span><\/p><ul style=\"font-size: 15px; font-style: normal; font-weight: 400;\"><li style=\"font-size: 15px;\">Salle \u00e0 manger et salon<\/li><li style=\"font-size: 15px;\">TV et connexion wifi<\/li><li style=\"font-size: 15px;\">Coin enfants avec canap\u00e9 convertible<\/li><li style=\"font-size: 15px;\">Cuisine \u00e9quip\u00e9e avec lave-vaisselle, four micro-ondes, four, r\u00e9frig\u00e9rateur\/cong\u00e9lateur<\/li><li style=\"font-size: 15px;\">Salle de douche avec WC et lavabo<\/li><\/ul><div><p style=\"font-size: 15px; font-style: normal; font-weight: 400;\"><span style=\"font-size: 15px; font-style: normal; font-weight: bold;\">\u00c9tage<\/span><\/p><ul style=\"font-size: 15px; font-style: normal; font-weight: 400;\"><li style=\"font-size: 15px;\">Chambre enfants avec 2 lits superpos\u00e9s et lit b\u00e9b\u00e9<\/li><li style=\"font-size: 15px;\">2 chambres lits doubles avec matelas \u00e0 ressorts et TV<\/li><li style=\"font-size: 15px;\">Salle de bain avec baignoire, douche, double vasque et WC<\/li><\/ul><div><p style=\"font-size: 15px; font-style: normal; font-weight: 400;\"><span style=\"font-size: 15px; font-style: normal; font-weight: bold;\">Jardin<\/span><\/p><ul style=\"font-size: 15px; font-style: normal; font-weight: 400;\"><li style=\"font-size: 15px;\">Terrasse, mobilier de jardin et Barbecue<\/li><\/ul><\/div><\/div><p><style type=\"text\/css\">\np.p1 {margin: 0.0px 0.0px 10.0px 0.0px; font: 11.0px Calibri}<br \/>p.p2 {margin: 0.0px 0.0px 10.0px 70.7px; font: 11.0px Calibri}<br \/>span.s1 {font-kerning: none}<br \/>span.Apple-tab-span {white-space:pre}<br \/><\/style><\/p><\/div>\n\t\t\t\t<\/div>\n\t\t\t\t<\/div>\n\t\t\t\t\t\t<\/div>\n\t\t\t\t\t<\/div>\n\t\t<\/div>\n\t\t\t\t\t\t\t\t<\/div>\n\t\t\t\t\t<\/div>\n\t\t<\/section>\n\t\t\t\t<section class=\"elementor-section elementor-top-section elementor-element elementor-element-e78805d elementor-section-full_width elementor-section-height-default elementor-section-height-default\" data-id=\"e78805d\" data-element_type=\"section\">\n\t\t\t\t\t\t<div class=\"elementor-container elementor-column-gap-no\">\n\t\t\t\t\t\t\t<div class=\"elementor-row\">\n\t\t\t\t\t<div class=\"elementor-column elementor-col-100 elementor-top-column elementor-element elementor-element-85bd1fa\" data-id=\"85bd1fa\" data-element_type=\"column\">\n\t\t\t<div class=\"elementor-column-wrap elementor-element-populated\">\n\t\t\t\t\t\t\t<div class=\"elementor-widget-wrap\">\n\t\t\t\t\t\t<div class=\"elementor-element elementor-element-0eb5611 elementor-widget elementor-widget-template\" data-id=\"0eb5611\" data-element_type=\"widget\" data-widget_type=\"template.default\">\n\t\t\t\t<div class=\"elementor-widget-container\">\n\t\t\t\t\t<div class=\"elementor-template\">\n\t\t\t\t\t<div data-elementor-type=\"section\" data-elementor-id=\"201\" class=\"elementor elementor-201 elementor-bc-flex-widget\" data-elementor-settings=\"[]\">\n\t\t<div class=\"elementor-section-wrap\">\n\t\t\t\t\t<section class=\"elementor-section elementor-top-section elementor-element elementor-element-0b286bb elementor-section-boxed elementor-section-height-default elementor-section-height-default\" data-id=\"0b286bb\" data-element_type=\"section\">\n\t\t\t\t\t\t<div class=\"elementor-container elementor-column-gap-default\">\n\t\t\t\t\t\t\t<div class=\"elementor-row\">\n\t\t\t\t\t<div class=\"elementor-column elementor-col-100 elementor-top-column elementor-element elementor-element-791b9e6\" data-id=\"791b9e6\" data-element_type=\"column\">\n\t\t\t<div class=\"elementor-column-wrap elementor-element-populated\">\n\t\t\t\t\t\t\t<div class=\"elementor-widget-wrap\">\n\t\t\t\t\t\t<div class=\"elementor-element elementor-element-b96d31f wbm-c-darkgreen elementor-widget elementor-widget-heading\" data-id=\"b96d31f\" data-element_type=\"widget\" data-widget_type=\"heading.default\">\n\t\t\t\t<div class=\"elementor-widget-container\">\n\t\t\t<h2 class=\"elementor-heading-title elementor-size-default\">PAROLES AUX VISITEURS<\/h2>\t\t<\/div>\n\t\t\t\t<\/div>\n\t\t\t\t<div class=\"elementor-element elementor-element-97af2fd elementor-widget elementor-widget-image\" data-id=\"97af2fd\" data-element_type=\"widget\" data-widget_type=\"image.default\">\n\t\t\t\t<div class=\"elementor-widget-container\">\n\t\t\t\t\t<div class=\"elementor-image\">\n\t\t\t\t\t\t\t\t\t\t<img width=\"258\" height=\"89\" src=\"https:\/\/www.villamillina.be\/wp-content\/uploads\/2018\/04\/kringel-groen.png\" class=\"attachment-large size-large\" alt=\"\" loading=\"lazy\" \/>\t\t\t\t\t\t\t\t\t\t\t<\/div>\n\t\t\t\t<\/div>\n\t\t\t\t<\/div>\n\t\t\t\t<div class=\"elementor-element elementor-element-66d5766 elementor-testimonial--skin-default elementor-testimonial--layout-image_inline elementor-testimonial--align-center elementor-arrows-yes elementor-pagination-type-bullets elementor-widget elementor-widget-testimonial-carousel\" data-id=\"66d5766\" data-element_type=\"widget\" data-settings=\"{&quot;show_arrows&quot;:&quot;yes&quot;,&quot;pagination&quot;:&quot;bullets&quot;,&quot;speed&quot;:500,&quot;autoplay&quot;:&quot;yes&quot;,&quot;autoplay_speed&quot;:5000,&quot;loop&quot;:&quot;yes&quot;,&quot;pause_on_hover&quot;:&quot;yes&quot;,&quot;pause_on_interaction&quot;:&quot;yes&quot;,&quot;space_between&quot;:{&quot;unit&quot;:&quot;px&quot;,&quot;size&quot;:10,&quot;sizes&quot;:[]},&quot;space_between_tablet&quot;:{&quot;unit&quot;:&quot;px&quot;,&quot;size&quot;:10,&quot;sizes&quot;:[]},&quot;space_between_mobile&quot;:{&quot;unit&quot;:&quot;px&quot;,&quot;size&quot;:10,&quot;sizes&quot;:[]}}\" data-widget_type=\"testimonial-carousel.default\">\n\t\t\t\t<div class=\"elementor-widget-container\">\n\t\t\t\t\t<div class=\"elementor-swiper\">\n\t\t\t<div class=\"elementor-main-swiper swiper-container\">\n\t\t\t\t<div class=\"swiper-wrapper\">\n\t\t\t\t\t\t\t\t\t\t\t<div class=\"swiper-slide\">\n\t\t\t\t\t\t\t\t\t<div class=\"elementor-testimonial\">\n\t\t\t\t\t\t\t<div class=\"elementor-testimonial__content\">\n\t\t\t\t\t<div class=\"elementor-testimonial__text\">\n\t\t\t\t\t\t\u00c0 notre arriv\u00e9e, nous avons \u00e9t\u00e9 aimablement accueillis par la m\u00e8re des propri\u00e9taires et avons eu toutes les explications sur le fonctionnement des \u00e9quipements de la Villa et en cadeau de bienvenue : un pot de confiture de baies maison, d\u00e9licieux. Nous avons appr\u00e9ci\u00e9 nos visites au Domaine viticole, \u00e0 la Commanderie Alden Biesen et au Mus\u00e9e Gallo Roman de Tongeren. \t\t\t\t\t<\/div>\n\t\t\t\t\t\t\t\t\t<\/div>\n\t\t\t\t\t\t<div class=\"elementor-testimonial__footer\">\n\t\t\t\t\t\t\t\t<cite class=\"elementor-testimonial__cite\"><span class=\"elementor-testimonial__name\">Famille Maes<\/span><span class=\"elementor-testimonial__title\">Pays-Bas<\/span><\/cite>\t\t\t<\/div>\n\t\t<\/div>\n\t\t\t\t\t\t\t\t<\/div>\n\t\t\t\t\t\t\t\t\t\t\t<div class=\"swiper-slide\">\n\t\t\t\t\t\t\t\t\t<div class=\"elementor-testimonial\">\n\t\t\t\t\t\t\t<div class=\"elementor-testimonial__content\">\n\t\t\t\t\t<div class=\"elementor-testimonial__text\">\n\t\t\t\t\t\tSuper! Une maison zen et super \u00e9quip\u00e9e !\t\t\t\t\t<\/div>\n\t\t\t\t\t\t\t\t\t<\/div>\n\t\t\t\t\t\t<div class=\"elementor-testimonial__footer\">\n\t\t\t\t\t\t\t\t<cite class=\"elementor-testimonial__cite\"><span class=\"elementor-testimonial__name\">Famille Janssen<\/span><span class=\"elementor-testimonial__title\">Belgique<\/span><\/cite>\t\t\t<\/div>\n\t\t<\/div>\n\t\t\t\t\t\t\t\t<\/div>\n\t\t\t\t\t\t\t\t\t\t\t<div class=\"swiper-slide\">\n\t\t\t\t\t\t\t\t\t<div class=\"elementor-testimonial\">\n\t\t\t\t\t\t\t<div class=\"elementor-testimonial__content\">\n\t\t\t\t\t<div class=\"elementor-testimonial__text\">\n\t\t\t\t\t\tUne maison d\u2019h\u00f4tes tr\u00e8s agr\u00e9able, le grand jardin est id\u00e9al pour les grillages et les jeux avec les enfants.\t\t\t\t\t<\/div>\n\t\t\t\t\t\t\t\t\t<\/div>\n\t\t\t\t\t\t<div class=\"elementor-testimonial__footer\">\n\t\t\t\t\t\t\t\t<cite class=\"elementor-testimonial__cite\"><span class=\"elementor-testimonial__name\">Famille Strauss<\/span><span class=\"elementor-testimonial__title\">Allemagne<\/span><\/cite>\t\t\t<\/div>\n\t\t<\/div>\n\t\t\t\t\t\t\t\t<\/div>\n\t\t\t\t\t\t\t\t\t\t\t<div class=\"swiper-slide\">\n\t\t\t\t\t\t\t\t\t<div class=\"elementor-testimonial\">\n\t\t\t\t\t\t\t<div class=\"elementor-testimonial__content\">\n\t\t\t\t\t<div class=\"elementor-testimonial__text\">\n\t\t\t\t\t\tSuperbe maison avec un grand jardin, on se sent tout de suite comme chez soi !\t\t\t\t\t<\/div>\n\t\t\t\t\t\t\t\t\t<\/div>\n\t\t\t\t\t\t<div class=\"elementor-testimonial__footer\">\n\t\t\t\t\t\t\t\t<cite class=\"elementor-testimonial__cite\"><span class=\"elementor-testimonial__name\">Van Aelteren<\/span><span class=\"elementor-testimonial__title\">Belgique<\/span><\/cite>\t\t\t<\/div>\n\t\t<\/div>\n\t\t\t\t\t\t\t\t<\/div>\n\t\t\t\t\t\t\t\t\t\t\t<div class=\"swiper-slide\">\n\t\t\t\t\t\t\t\t\t<div class=\"elementor-testimonial\">\n\t\t\t\t\t\t\t<div class=\"elementor-testimonial__content\">\n\t\t\t\t\t<div class=\"elementor-testimonial__text\">\n\t\t\t\t\t\tBeau logement et bien entretenu, avec tout ce qu\u2019il faut ! Une destination incontournable.\nSuperbe h\u00e9bergement avec un grand jardin et tout l\u2019\u00e9quipement, on s\u2019y sent tout de suite comme \u00e0 la maison. \t\t\t\t\t<\/div>\n\t\t\t\t\t\t\t\t\t<\/div>\n\t\t\t\t\t\t<div class=\"elementor-testimonial__footer\">\n\t\t\t\t\t\t\t\t<cite class=\"elementor-testimonial__cite\"><span class=\"elementor-testimonial__name\">Famille Bol<\/span><span class=\"elementor-testimonial__title\">Belgique<\/span><\/cite>\t\t\t<\/div>\n\t\t<\/div>\n\t\t\t\t\t\t\t\t<\/div>\n\t\t\t\t\t\t\t\t\t\t\t<div class=\"swiper-slide\">\n\t\t\t\t\t\t\t\t\t<div class=\"elementor-testimonial\">\n\t\t\t\t\t\t\t<div class=\"elementor-testimonial__content\">\n\t\t\t\t\t<div class=\"elementor-testimonial__text\">\n\t\t\t\t\t\tC\u2019est ainsi qu\u2019au-del\u00e0 de l\u2019ordre naturel des choses et de la beaut\u00e9 intemporelle des lieux, vous trouverez \u00e0 la Villa Millina le luxe en termes d\u2019accueil, de commodit\u00e9s et de confort, le calme d\u2019un magnifique petit village de la Campine belge en r\u00e9gion flamande, et la volupt\u00e9 que vous voudrez apporter \u00e0 votre s\u00e9jour lors de promenades, de moments de d\u00e9tente ou de d\u00e9couvertes.\t\t\t\t\t<\/div>\n\t\t\t\t\t\t\t\t\t<\/div>\n\t\t\t\t\t\t<div class=\"elementor-testimonial__footer\">\n\t\t\t\t\t\t\t\t<cite class=\"elementor-testimonial__cite\"><span class=\"elementor-testimonial__name\">Catherine Wiame<\/span><span class=\"elementor-testimonial__title\">Belgique<\/span><\/cite>\t\t\t<\/div>\n\t\t<\/div>\n\t\t\t\t\t\t\t\t<\/div>\n\t\t\t\t\t\t\t\t\t<\/div>\n\t\t\t\t\t\t\t\t\t\t\t\t\t\t\t<div class=\"swiper-pagination\"><\/div>\n\t\t\t\t\t\t\t\t\t\t\t\t\t\t\t\t<div class=\"elementor-swiper-button elementor-swiper-button-prev\">\n\t\t\t\t\t\t\t<i class=\"eicon-chevron-left\" aria-hidden=\"true\"><\/i>\n\t\t\t\t\t\t\t<span class=\"elementor-screen-only\">Previous<\/span>\n\t\t\t\t\t\t<\/div>\n\t\t\t\t\t\t<div class=\"elementor-swiper-button elementor-swiper-button-next\">\n\t\t\t\t\t\t\t<i class=\"eicon-chevron-right\" aria-hidden=\"true\"><\/i>\n\t\t\t\t\t\t\t<span class=\"elementor-screen-only\">Next<\/span>\n\t\t\t\t\t\t<\/div>\n\t\t\t\t\t\t\t\t\t\t\t\t<\/div>\n\t\t<\/div>\n\t\t\t\t<\/div>\n\t\t\t\t<\/div>\n\t\t\t\t\t\t<\/div>\n\t\t\t\t\t<\/div>\n\t\t<\/div>\n\t\t\t\t\t\t\t\t<\/div>\n\t\t\t\t\t<\/div>\n\t\t<\/section>\n\t\t\t\t<\/div>\n\t\t<\/div>\n\t\t\t\t<\/div>\n\t\t\t\t<\/div>\n\t\t\t\t<\/div>\n\t\t\t\t\t\t<\/div>\n\t\t\t\t\t<\/div>\n\t\t<\/div>\n\t\t\t\t\t\t\t\t<\/div>\n\t\t\t\t\t<\/div>\n\t\t<\/section>\n\t\t\t\t<section class=\"elementor-section elementor-top-section elementor-element elementor-element-9be904e elementor-section-full_width elementor-section-height-default elementor-section-height-default\" data-id=\"9be904e\" data-element_type=\"section\">\n\t\t\t\t\t\t<div class=\"elementor-container elementor-column-gap-no\">\n\t\t\t\t\t\t\t<div class=\"elementor-row\">\n\t\t\t\t\t<div class=\"elementor-column elementor-col-100 elementor-top-column elementor-element elementor-element-1b97f6b\" data-id=\"1b97f6b\" data-element_type=\"column\">\n\t\t\t<div class=\"elementor-column-wrap elementor-element-populated\">\n\t\t\t\t\t\t\t<div class=\"elementor-widget-wrap\">\n\t\t\t\t\t\t<div class=\"elementor-element elementor-element-574d21d elementor-widget elementor-widget-template\" data-id=\"574d21d\" data-element_type=\"widget\" data-widget_type=\"template.default\">\n\t\t\t\t<div class=\"elementor-widget-container\">\n\t\t\t\t\t<div class=\"elementor-template\">\n\t\t\t\t\t<div data-elementor-type=\"section\" data-elementor-id=\"195\" class=\"elementor elementor-195 elementor-bc-flex-widget\" data-elementor-settings=\"[]\">\n\t\t<div class=\"elementor-section-wrap\">\n\t\t\t\t\t<section class=\"elementor-section elementor-top-section elementor-element elementor-element-dd596de elementor-section-full_width elementor-section-height-default elementor-section-height-default\" data-id=\"dd596de\" data-element_type=\"section\">\n\t\t\t\t\t\t<div class=\"elementor-container elementor-column-gap-no\">\n\t\t\t\t\t\t\t<div class=\"elementor-row\">\n\t\t\t\t\t<div class=\"elementor-column elementor-col-100 elementor-top-column elementor-element elementor-element-b39e24b\" data-id=\"b39e24b\" data-element_type=\"column\">\n\t\t\t<div class=\"elementor-column-wrap elementor-element-populated\">\n\t\t\t\t\t\t\t<div class=\"elementor-widget-wrap\">\n\t\t\t\t\t\t<div class=\"elementor-element elementor-element-0dc0127 elementor-widget elementor-widget-google_maps\" data-id=\"0dc0127\" data-element_type=\"widget\" data-widget_type=\"google_maps.default\">\n\t\t\t\t<div class=\"elementor-widget-container\">\n\t\t\t<div class=\"elementor-custom-embed\"><iframe frameborder=\"0\" scrolling=\"no\" marginheight=\"0\" marginwidth=\"0\" src=\"https:\/\/maps.google.com\/maps?q=Peperstraat%2030%2C%203770%20Riemst&amp;t=m&amp;z=10&amp;output=embed&amp;iwloc=near\" title=\"Peperstraat 30, 3770 Riemst\" aria-label=\"Peperstraat 30, 3770 Riemst\"><\/iframe><\/div>\t\t<\/div>\n\t\t\t\t<\/div>\n\t\t\t\t\t\t<\/div>\n\t\t\t\t\t<\/div>\n\t\t<\/div>\n\t\t\t\t\t\t\t\t<\/div>\n\t\t\t\t\t<\/div>\n\t\t<\/section>\n\t\t\t\t<\/div>\n\t\t<\/div>\n\t\t\t\t<\/div>\n\t\t\t\t<\/div>\n\t\t\t\t<\/div>\n\t\t\t\t\t\t<\/div>\n\t\t\t\t\t<\/div>\n\t\t<\/div>\n\t\t\t\t\t\t\t\t<\/div>\n\t\t\t\t\t<\/div>\n\t\t<\/section>\n\t\t\t\t\t\t<\/div>\n\t\t\t\t\t\t<\/div>\n\t\t\t\t\t<\/div>","protected":false},"excerpt":{"rendered":"<p>INFORMATIE Het is ook mogelijk om andere periodes dan een weekend, midweek, week te boeken. Neem daarvoor gerust contact met ons op. Laagseizoen tot 6 personen \u20ac90 per nacht\/min. 2 Supplement 1 persoon extra \u20ac15 per nacht Hoogseizoen tot 6 personen \u20ac110 per nacht\/min. 2 Supplement 1 persoon extra \u20ac20 per nacht Hoogseizoen Alle Belgische &hellip;<\/p>\n<p class=\"read-more\"> <a class=\"\" href=\"https:\/\/www.villamillina.be\/fr\/informatie\/\"> <span class=\"screen-reader-text\">Informations<\/span> Read More \u00bb<\/a><\/p>","protected":false},"author":3,"featured_media":0,"parent":0,"menu_order":0,"comment_status":"closed","ping_status":"closed","template":"","meta":[],"_links":{"self":[{"href":"https:\/\/www.villamillina.be\/fr\/wp-json\/wp\/v2\/pages\/214"}],"collection":[{"href":"https:\/\/www.villamillina.be\/fr\/wp-json\/wp\/v2\/pages"}],"about":[{"href":"https:\/\/www.villamillina.be\/fr\/wp-json\/wp\/v2\/types\/page"}],"author":[{"embeddable":true,"href":"https:\/\/www.villamillina.be\/fr\/wp-json\/wp\/v2\/users\/3"}],"replies":[{"embeddable":true,"href":"https:\/\/www.villamillina.be\/fr\/wp-json\/wp\/v2\/comments?post=214"}],"version-history":[{"count":38,"href":"https:\/\/www.villamillina.be\/fr\/wp-json\/wp\/v2\/pages\/214\/revisions"}],"predecessor-version":[{"id":1533,"href":"https:\/\/www.villamillina.be\/fr\/wp-json\/wp\/v2\/pages\/214\/revisions\/1533"}],"wp:attachment":[{"href":"https:\/\/www.villamillina.be\/fr\/wp-json\/wp\/v2\/media?parent=214"}],"curies":[{"name":"wp","href":"https:\/\/api.w.org\/{rel}","templated":true}]}}