{"id":825,"date":"2018-08-20T10:24:57","date_gmt":"2018-08-20T08:24:57","guid":{"rendered":"https:\/\/www.villamillina.be\/?page_id=825"},"modified":"2018-08-20T10:26:06","modified_gmt":"2018-08-20T08:26:06","slug":"cookiebeleid","status":"publish","type":"page","link":"https:\/\/www.villamillina.be\/fr\/politique-cookies\/","title":{"rendered":"Cookiebeleid"},"content":{"rendered":"<div data-elementor-type=\"wp-post\" data-elementor-id=\"825\" class=\"elementor elementor-825 elementor-bc-flex-widget\" data-elementor-settings=\"[]\">\n\t\t\t\t\t\t<div class=\"elementor-inner\">\n\t\t\t\t\t\t\t<div class=\"elementor-section-wrap\">\n\t\t\t\t\t\t\t<section class=\"elementor-section elementor-top-section elementor-element elementor-element-954ad41 elementor-section-boxed elementor-section-height-default elementor-section-height-default\" data-id=\"954ad41\" data-element_type=\"section\">\n\t\t\t\t\t\t<div class=\"elementor-container elementor-column-gap-default\">\n\t\t\t\t\t\t\t<div class=\"elementor-row\">\n\t\t\t\t\t<div class=\"elementor-column elementor-col-100 elementor-top-column elementor-element elementor-element-dc1cb90\" data-id=\"dc1cb90\" data-element_type=\"column\">\n\t\t\t<div class=\"elementor-column-wrap elementor-element-populated\">\n\t\t\t\t\t\t\t<div class=\"elementor-widget-wrap\">\n\t\t\t\t\t\t<div class=\"elementor-element elementor-element-d293545 wbm-c-darkgreen elementor-widget elementor-widget-heading\" data-id=\"d293545\" data-element_type=\"widget\" data-widget_type=\"heading.default\">\n\t\t\t\t<div class=\"elementor-widget-container\">\n\t\t\t<h1 class=\"elementor-heading-title elementor-size-default\">POLITIQUE COOKIES<\/h1>\t\t<\/div>\n\t\t\t\t<\/div>\n\t\t\t\t<div class=\"elementor-element elementor-element-4721ad2 elementor-widget elementor-widget-image\" data-id=\"4721ad2\" data-element_type=\"widget\" data-widget_type=\"image.default\">\n\t\t\t\t<div class=\"elementor-widget-container\">\n\t\t\t\t\t<div class=\"elementor-image\">\n\t\t\t\t\t\t\t\t\t\t<img width=\"258\" height=\"89\" src=\"https:\/\/www.villamillina.be\/wp-content\/uploads\/2018\/04\/kringel-groen.png\" class=\"attachment-large size-large\" alt=\"\" loading=\"lazy\" \/>\t\t\t\t\t\t\t\t\t\t\t<\/div>\n\t\t\t\t<\/div>\n\t\t\t\t<\/div>\n\t\t\t\t\t\t<\/div>\n\t\t\t\t\t<\/div>\n\t\t<\/div>\n\t\t\t\t\t\t\t\t<\/div>\n\t\t\t\t\t<\/div>\n\t\t<\/section>\n\t\t\t\t<section class=\"elementor-section elementor-top-section elementor-element elementor-element-a51b8b5 wbm-bc-lightgreen elementor-section-boxed elementor-section-height-default elementor-section-height-default\" data-id=\"a51b8b5\" data-element_type=\"section\">\n\t\t\t\t\t\t<div class=\"elementor-container elementor-column-gap-default\">\n\t\t\t\t\t\t\t<div class=\"elementor-row\">\n\t\t\t\t\t<div class=\"elementor-column elementor-col-100 elementor-top-column elementor-element elementor-element-b11317b\" data-id=\"b11317b\" data-element_type=\"column\">\n\t\t\t<div class=\"elementor-column-wrap elementor-element-populated\">\n\t\t\t\t\t\t\t<div class=\"elementor-widget-wrap\">\n\t\t\t\t\t\t<div class=\"elementor-element elementor-element-34c3be2 elementor-widget elementor-widget-text-editor\" data-id=\"34c3be2\" data-element_type=\"widget\" data-widget_type=\"text-editor.default\">\n\t\t\t\t<div class=\"elementor-widget-container\">\n\t\t\t\t\t<div class=\"elementor-text-editor elementor-clearfix\"><p>Les Cookies consistent en un code de fichiers install\u00e9 sur votre navigateur pour aider le Propri\u00e9taire \u00e0 fournir le Service aux fins d\u00e9crites. Certains objectifs pour lesquels des Cookies sont install\u00e9s n\u00e9cessitent \u00e9galement l\u2019autorisation de l\u2019Utilisateur.<\/p><p>Si l\u2019installation de Cookies est bas\u00e9e sur l\u2019accord, cet accord peut \u00eatre librement retir\u00e9 \u00e0 tout moment conform\u00e9ment aux instructions du pr\u00e9sent document.<\/p><p>Certains services recueillent des donn\u00e9es statistiques sous une forme agr\u00e9g\u00e9e anonymis\u00e9e et peuvent ne pas n\u00e9cessiter l\u2019accord de l\u2019Utilisateur ou sont directement g\u00e9r\u00e9s par le Propri\u00e9taire selon la fa\u00e7on dont ils sont d\u00e9crits sans l\u2019intervention de parties externes.<\/p><p>Les services fournis par des parties externes peuvent \u00eatre utilis\u00e9s pour suivre les habitudes de navigation des Utilisateurs en plus des informations fournies aux pr\u00e9sentes et \u00e0 l\u2019insu du Propri\u00e9taire. Vous pouvez consulter la politique de confidentialit\u00e9 des services list\u00e9s pour obtenir plus d\u2019informations.<\/p><\/div>\n\t\t\t\t<\/div>\n\t\t\t\t<\/div>\n\t\t\t\t\t\t<\/div>\n\t\t\t\t\t<\/div>\n\t\t<\/div>\n\t\t\t\t\t\t\t\t<\/div>\n\t\t\t\t\t<\/div>\n\t\t<\/section>\n\t\t\t\t<section class=\"elementor-section elementor-top-section elementor-element elementor-element-9be904e elementor-section-full_width elementor-section-height-default elementor-section-height-default\" data-id=\"9be904e\" data-element_type=\"section\">\n\t\t\t\t\t\t<div class=\"elementor-container elementor-column-gap-no\">\n\t\t\t\t\t\t\t<div class=\"elementor-row\">\n\t\t\t\t\t<div class=\"elementor-column elementor-col-100 elementor-top-column elementor-element elementor-element-1b97f6b\" data-id=\"1b97f6b\" data-element_type=\"column\">\n\t\t\t<div class=\"elementor-column-wrap elementor-element-populated\">\n\t\t\t\t\t\t\t<div class=\"elementor-widget-wrap\">\n\t\t\t\t\t\t<div class=\"elementor-element elementor-element-574d21d elementor-widget elementor-widget-template\" data-id=\"574d21d\" data-element_type=\"widget\" data-widget_type=\"template.default\">\n\t\t\t\t<div class=\"elementor-widget-container\">\n\t\t\t\t\t<div class=\"elementor-template\">\n\t\t\t\t\t<div data-elementor-type=\"section\" data-elementor-id=\"195\" class=\"elementor elementor-195 elementor-bc-flex-widget\" data-elementor-settings=\"[]\">\n\t\t<div class=\"elementor-section-wrap\">\n\t\t\t\t\t<section class=\"elementor-section elementor-top-section elementor-element elementor-element-dd596de elementor-section-full_width elementor-section-height-default elementor-section-height-default\" data-id=\"dd596de\" data-element_type=\"section\">\n\t\t\t\t\t\t<div class=\"elementor-container elementor-column-gap-no\">\n\t\t\t\t\t\t\t<div class=\"elementor-row\">\n\t\t\t\t\t<div class=\"elementor-column elementor-col-100 elementor-top-column elementor-element elementor-element-b39e24b\" data-id=\"b39e24b\" data-element_type=\"column\">\n\t\t\t<div class=\"elementor-column-wrap elementor-element-populated\">\n\t\t\t\t\t\t\t<div class=\"elementor-widget-wrap\">\n\t\t\t\t\t\t<div class=\"elementor-element elementor-element-0dc0127 elementor-widget elementor-widget-google_maps\" data-id=\"0dc0127\" data-element_type=\"widget\" data-widget_type=\"google_maps.default\">\n\t\t\t\t<div class=\"elementor-widget-container\">\n\t\t\t<div class=\"elementor-custom-embed\"><iframe frameborder=\"0\" scrolling=\"no\" marginheight=\"0\" marginwidth=\"0\" src=\"https:\/\/maps.google.com\/maps?q=Peperstraat%2030%2C%203770%20Riemst&amp;t=m&amp;z=10&amp;output=embed&amp;iwloc=near\" title=\"Peperstraat 30, 3770 Riemst\" aria-label=\"Peperstraat 30, 3770 Riemst\"><\/iframe><\/div>\t\t<\/div>\n\t\t\t\t<\/div>\n\t\t\t\t\t\t<\/div>\n\t\t\t\t\t<\/div>\n\t\t<\/div>\n\t\t\t\t\t\t\t\t<\/div>\n\t\t\t\t\t<\/div>\n\t\t<\/section>\n\t\t\t\t<\/div>\n\t\t<\/div>\n\t\t\t\t<\/div>\n\t\t\t\t<\/div>\n\t\t\t\t<\/div>\n\t\t\t\t\t\t<\/div>\n\t\t\t\t\t<\/div>\n\t\t<\/div>\n\t\t\t\t\t\t\t\t<\/div>\n\t\t\t\t\t<\/div>\n\t\t<\/section>\n\t\t\t\t\t\t<\/div>\n\t\t\t\t\t\t<\/div>\n\t\t\t\t\t<\/div>","protected":false},"excerpt":{"rendered":"<p>COOKIEBELEID Cookies bestaan uit deeltjes code die in de browser zijn ge\u00efnstalleerd om de Eigenaar te ondersteunen bij het verlenen van de Dienst volgens de beschreven doelen. Bepaalde doelen waarvoor Cookies zijn ge\u00efnstalleerd, vereisen ook de toestemming van de Gebruiker. Indien de installatie van Cookies gebaseerd is op toestemming, kan deze toestemming te allen tijde &hellip;<\/p>\n<p class=\"read-more\"> <a class=\"\" href=\"https:\/\/www.villamillina.be\/fr\/politique-cookies\/\"> <span class=\"screen-reader-text\">Cookiebeleid<\/span> Read More \u00bb<\/a><\/p>","protected":false},"author":4,"featured_media":0,"parent":0,"menu_order":0,"comment_status":"closed","ping_status":"closed","template":"","meta":[],"_links":{"self":[{"href":"https:\/\/www.villamillina.be\/fr\/wp-json\/wp\/v2\/pages\/825"}],"collection":[{"href":"https:\/\/www.villamillina.be\/fr\/wp-json\/wp\/v2\/pages"}],"about":[{"href":"https:\/\/www.villamillina.be\/fr\/wp-json\/wp\/v2\/types\/page"}],"author":[{"embeddable":true,"href":"https:\/\/www.villamillina.be\/fr\/wp-json\/wp\/v2\/users\/4"}],"replies":[{"embeddable":true,"href":"https:\/\/www.villamillina.be\/fr\/wp-json\/wp\/v2\/comments?post=825"}],"version-history":[{"count":2,"href":"https:\/\/www.villamillina.be\/fr\/wp-json\/wp\/v2\/pages\/825\/revisions"}],"predecessor-version":[{"id":827,"href":"https:\/\/www.villamillina.be\/fr\/wp-json\/wp\/v2\/pages\/825\/revisions\/827"}],"wp:attachment":[{"href":"https:\/\/www.villamillina.be\/fr\/wp-json\/wp\/v2\/media?parent=825"}],"curies":[{"name":"wp","href":"https:\/\/api.w.org\/{rel}","templated":true}]}}